{"id":364,"date":"2025-05-07T09:17:03","date_gmt":"2025-05-07T09:17:03","guid":{"rendered":"https:\/\/hideaspain.com\/product\/hdef115-efi-outboard-motor\/"},"modified":"2025-05-20T10:06:52","modified_gmt":"2025-05-20T10:06:52","slug":"hdef115-efi-motor-fueraborda","status":"publish","type":"product","link":"https:\/\/cbbspainhidea.com\/es\/producto\/hdef115-efi-motor-fueraborda\/","title":{"rendered":"HDEF115"},"content":{"rendered":"<p class=\"\" data-start=\"93\" data-end=\"413\">El Hidea HDEF115 EFI es un motor fuera de borda de 4 tiempos, robusto y refinado, que ofrece un alto rendimiento gracias a su avanzada tecnolog\u00eda EFI. Impulsado por un motor de 4 cilindros, este modelo de 115HP est\u00e1 dise\u00f1ado para ofrecer fiabilidad, eficiencia en el consumo de combustible y un funcionamiento suave.<\/p>\n<p class=\"\" data-start=\"415\" data-end=\"780\">Equipado con un sistema de inyecci\u00f3n electr\u00f3nica de combustible programado (EFI) y una ECU DELPHI, el HDEF115 proporciona arranques r\u00e1pidos, respuesta precisa del acelerador y una econom\u00eda de combustible \u00f3ptima en todo el rango de revoluciones. Su sistema de escape inverso reduce el ruido al dirigir los gases de escape a trav\u00e9s del cubo de la h\u00e9lice bajo el agua.<\/p>\n<p class=\"\" data-start=\"782\" data-end=\"1158\">El HDEF115 EFI tambi\u00e9n incorpora un avanzado sistema de alerta del motor que supervisa funciones cr\u00edticas como la temperatura y la presi\u00f3n del aceite, lo que mejora la durabilidad a largo plazo. Gracias a su dise\u00f1o Power Thrust y a una alta relaci\u00f3n de engranajes, ofrece un empuje impresionante tanto hacia adelante como en reversa, mejorando el control y la maniobrabilidad.<\/p>\n<p class=\"\" data-start=\"1160\" data-end=\"1368\">Ideal para uso recreativo y comercial ligero, el HDEF115 es compatible con NMEA2000 para una f\u00e1cil integraci\u00f3n con sistemas electr\u00f3nicos marinos: rendimiento, eficiencia e innovaci\u00f3n en un solo motor potente.<\/p>\n<p><strong>Caracter\u00edsticas del Hidea HDEF115<\/strong><\/p>\n<ul>\n<li>Control de bucle cerrado ECU con sensor de ox\u00edgeno: combusti\u00f3n m\u00e1s completa, mejores emisiones y mayor eficiencia en el consumo de combustible<\/li>\n<li>Tecnolog\u00eda precisa de identificaci\u00f3n de cilindros (MAPCID), que elimina el sensor de fase del \u00e1rbol de levas, diferente a la identificaci\u00f3n imprecisa utilizada com\u00fanmente en la industria<\/li>\n<li>Ajuste preciso de los \u201ctres altos\u201d: altas temperaturas, fr\u00edo extremo y gran altitud, con excelente adaptabilidad ambiental y rendimiento de arranque<\/li>\n<li>Tecnolog\u00eda anticorrosiva l\u00edder en la industria, con excelente resistencia al agua salada<\/li>\n<li>Caja de engranajes grande utilizada bajo el agua, que ofrece gran durabilidad<\/li>\n<li>Componentes principales reforzados, ideal para uso comercial<\/li>\n<li>Certificaci\u00f3n CE de la UE y CCS de la Sociedad de Clasificaci\u00f3n de China<\/li>\n<li>Tecnolog\u00eda de fabricaci\u00f3n de motores automotrices<\/li>\n<li>Probado por el Instituto de Investigaci\u00f3n de Incendios de Shangh\u00e1i del Ministerio de Gesti\u00f3n de Emergencias<\/li>\n<\/ul>\n","protected":false},"excerpt":{"rendered":"<p>Ideal para uso recreativo y comercial ligero, el Hidea HDEF115 EFI es un motor robusto y refinado que ofrece alto rendimiento con tecnolog\u00eda EFI avanzada.<\/p>\n","protected":false},"featured_media":209,"comment_status":"open","ping_status":"closed","template":"","meta":{"_acf_changed":false},"product_brand":[],"product_cat":[33,36],"product_tag":[],"class_list":{"0":"post-364","1":"product","2":"type-product","3":"status-publish","4":"has-post-thumbnail","6":"product_cat-deportes-acuaticos","7":"product_cat-motor-fueraborda-efi","10":"first","11":"instock","12":"shipping-taxable","13":"product-type-simple"},"acf":[],"yoast_head":"<!-- This site is optimized with the Yoast SEO plugin v25.0 - https:\/\/yoast.com\/wordpress\/plugins\/seo\/ -->\n<title>Motor fueraborda HDEF115 EFI | Hidea Espa\u00f1a<\/title>\n<meta name=\"description\" content=\"El Hidea HDEF115 EFI entrega potencia y eficiencia para embarcaciones grandes. Un motor fueraborda EFI ideal para navegaci\u00f3n avanzada.\" \/>\n<meta name=\"robots\" content=\"index, follow, max-snippet:-1, max-image-preview:large, max-video-preview:-1\" \/>\n<link rel=\"canonical\" href=\"https:\/\/cbbspainhidea.com\/es\/producto\/hdef115-efi-motor-fueraborda\/\" \/>\n<meta property=\"og:locale\" content=\"es_ES\" \/>\n<meta property=\"og:type\" content=\"article\" \/>\n<meta property=\"og:title\" content=\"Motor fueraborda HDEF115 EFI | Hidea Espa\u00f1a\" \/>\n<meta property=\"og:description\" content=\"El Hidea HDEF115 EFI entrega potencia y eficiencia para embarcaciones grandes. Un motor fueraborda EFI ideal para navegaci\u00f3n avanzada.\" \/>\n<meta property=\"og:url\" content=\"https:\/\/cbbspainhidea.com\/es\/producto\/hdef115-efi-motor-fueraborda\/\" \/>\n<meta property=\"og:site_name\" content=\"Hidea Spain - Official distributor\" \/>\n<meta property=\"article:modified_time\" content=\"2025-05-20T10:06:52+00:00\" \/>\n<meta property=\"og:image\" content=\"https:\/\/cbbspainhidea.com\/wp-content\/uploads\/2025\/05\/HIDEA-EFI-115-\u9ed1\u5de6.jpg\" \/>\n\t<meta property=\"og:image:width\" content=\"267\" \/>\n\t<meta property=\"og:image:height\" content=\"551\" \/>\n\t<meta property=\"og:image:type\" content=\"image\/jpeg\" \/>\n<meta name=\"twitter:card\" content=\"summary_large_image\" \/>\n<meta name=\"twitter:label1\" content=\"Tiempo de lectura\" \/>\n\t<meta name=\"twitter:data1\" content=\"2 minutos\" \/>\n<script type=\"application\/ld+json\" class=\"yoast-schema-graph\">{\"@context\":\"https:\/\/schema.org\",\"@graph\":[{\"@type\":\"WebPage\",\"@id\":\"https:\/\/cbbspainhidea.com\/es\/producto\/hdef115-efi-motor-fueraborda\/\",\"url\":\"https:\/\/cbbspainhidea.com\/es\/producto\/hdef115-efi-motor-fueraborda\/\",\"name\":\"Motor fueraborda HDEF115 EFI | Hidea Espa\u00f1a\",\"isPartOf\":{\"@id\":\"https:\/\/cbbspainhidea.com\/es\/#website\"},\"primaryImageOfPage\":{\"@id\":\"https:\/\/cbbspainhidea.com\/es\/producto\/hdef115-efi-motor-fueraborda\/#primaryimage\"},\"image\":{\"@id\":\"https:\/\/cbbspainhidea.com\/es\/producto\/hdef115-efi-motor-fueraborda\/#primaryimage\"},\"thumbnailUrl\":\"https:\/\/cbbspainhidea.com\/wp-content\/uploads\/2025\/05\/HIDEA-EFI-115-\u9ed1\u5de6.jpg\",\"datePublished\":\"2025-05-07T09:17:03+00:00\",\"dateModified\":\"2025-05-20T10:06:52+00:00\",\"description\":\"El Hidea HDEF115 EFI entrega potencia y eficiencia para embarcaciones grandes. Un motor fueraborda EFI ideal para navegaci\u00f3n avanzada.\",\"breadcrumb\":{\"@id\":\"https:\/\/cbbspainhidea.com\/es\/producto\/hdef115-efi-motor-fueraborda\/#breadcrumb\"},\"inLanguage\":\"es\",\"potentialAction\":[{\"@type\":\"ReadAction\",\"target\":[\"https:\/\/cbbspainhidea.com\/es\/producto\/hdef115-efi-motor-fueraborda\/\"]}]},{\"@type\":\"ImageObject\",\"inLanguage\":\"es\",\"@id\":\"https:\/\/cbbspainhidea.com\/es\/producto\/hdef115-efi-motor-fueraborda\/#primaryimage\",\"url\":\"https:\/\/cbbspainhidea.com\/wp-content\/uploads\/2025\/05\/HIDEA-EFI-115-\u9ed1\u5de6.jpg\",\"contentUrl\":\"https:\/\/cbbspainhidea.com\/wp-content\/uploads\/2025\/05\/HIDEA-EFI-115-\u9ed1\u5de6.jpg\",\"width\":267,\"height\":551,\"caption\":\"Hidea HDEF115 EFI Outboard Motor\"},{\"@type\":\"BreadcrumbList\",\"@id\":\"https:\/\/cbbspainhidea.com\/es\/producto\/hdef115-efi-motor-fueraborda\/#breadcrumb\",\"itemListElement\":[{\"@type\":\"ListItem\",\"position\":1,\"name\":\"Home\",\"item\":\"https:\/\/cbbspainhidea.com\/es\/\"},{\"@type\":\"ListItem\",\"position\":2,\"name\":\"Selecci\u00f3n\",\"item\":\"https:\/\/cbbspainhidea.com\/es\/seleccion\/\"},{\"@type\":\"ListItem\",\"position\":3,\"name\":\"HDEF115\"}]},{\"@type\":\"WebSite\",\"@id\":\"https:\/\/cbbspainhidea.com\/es\/#website\",\"url\":\"https:\/\/cbbspainhidea.com\/es\/\",\"name\":\"Hidea Spain - Official distributor\",\"description\":\"\",\"publisher\":{\"@id\":\"https:\/\/cbbspainhidea.com\/es\/#organization\"},\"potentialAction\":[{\"@type\":\"SearchAction\",\"target\":{\"@type\":\"EntryPoint\",\"urlTemplate\":\"https:\/\/cbbspainhidea.com\/es\/?s={search_term_string}\"},\"query-input\":{\"@type\":\"PropertyValueSpecification\",\"valueRequired\":true,\"valueName\":\"search_term_string\"}}],\"inLanguage\":\"es\"},{\"@type\":\"Organization\",\"@id\":\"https:\/\/cbbspainhidea.com\/es\/#organization\",\"name\":\"Hidea Spain - Official distributor\",\"url\":\"https:\/\/cbbspainhidea.com\/es\/\",\"logo\":{\"@type\":\"ImageObject\",\"inLanguage\":\"es\",\"@id\":\"https:\/\/cbbspainhidea.com\/es\/#\/schema\/logo\/image\/\",\"url\":\"https:\/\/hideaspain.com\/wp-content\/uploads\/2025\/05\/logo.png\",\"contentUrl\":\"https:\/\/hideaspain.com\/wp-content\/uploads\/2025\/05\/logo.png\",\"width\":602,\"height\":134,\"caption\":\"Hidea Spain - Official distributor\"},\"image\":{\"@id\":\"https:\/\/cbbspainhidea.com\/es\/#\/schema\/logo\/image\/\"}}]}<\/script>\n<!-- \/ Yoast SEO plugin. -->","yoast_head_json":{"title":"Motor fueraborda HDEF115 EFI | Hidea Espa\u00f1a","description":"El Hidea HDEF115 EFI entrega potencia y eficiencia para embarcaciones grandes. Un motor fueraborda EFI ideal para navegaci\u00f3n avanzada.","robots":{"index":"index","follow":"follow","max-snippet":"max-snippet:-1","max-image-preview":"max-image-preview:large","max-video-preview":"max-video-preview:-1"},"canonical":"https:\/\/cbbspainhidea.com\/es\/producto\/hdef115-efi-motor-fueraborda\/","og_locale":"es_ES","og_type":"article","og_title":"Motor fueraborda HDEF115 EFI | Hidea Espa\u00f1a","og_description":"El Hidea HDEF115 EFI entrega potencia y eficiencia para embarcaciones grandes. Un motor fueraborda EFI ideal para navegaci\u00f3n avanzada.","og_url":"https:\/\/cbbspainhidea.com\/es\/producto\/hdef115-efi-motor-fueraborda\/","og_site_name":"Hidea Spain - Official distributor","article_modified_time":"2025-05-20T10:06:52+00:00","og_image":[{"width":267,"height":551,"url":"https:\/\/cbbspainhidea.com\/wp-content\/uploads\/2025\/05\/HIDEA-EFI-115-\u9ed1\u5de6.jpg","type":"image\/jpeg"}],"twitter_card":"summary_large_image","twitter_misc":{"Tiempo de lectura":"2 minutos"},"schema":{"@context":"https:\/\/schema.org","@graph":[{"@type":"WebPage","@id":"https:\/\/cbbspainhidea.com\/es\/producto\/hdef115-efi-motor-fueraborda\/","url":"https:\/\/cbbspainhidea.com\/es\/producto\/hdef115-efi-motor-fueraborda\/","name":"Motor fueraborda HDEF115 EFI | Hidea Espa\u00f1a","isPartOf":{"@id":"https:\/\/cbbspainhidea.com\/es\/#website"},"primaryImageOfPage":{"@id":"https:\/\/cbbspainhidea.com\/es\/producto\/hdef115-efi-motor-fueraborda\/#primaryimage"},"image":{"@id":"https:\/\/cbbspainhidea.com\/es\/producto\/hdef115-efi-motor-fueraborda\/#primaryimage"},"thumbnailUrl":"https:\/\/cbbspainhidea.com\/wp-content\/uploads\/2025\/05\/HIDEA-EFI-115-\u9ed1\u5de6.jpg","datePublished":"2025-05-07T09:17:03+00:00","dateModified":"2025-05-20T10:06:52+00:00","description":"El Hidea HDEF115 EFI entrega potencia y eficiencia para embarcaciones grandes. Un motor fueraborda EFI ideal para navegaci\u00f3n avanzada.","breadcrumb":{"@id":"https:\/\/cbbspainhidea.com\/es\/producto\/hdef115-efi-motor-fueraborda\/#breadcrumb"},"inLanguage":"es","potentialAction":[{"@type":"ReadAction","target":["https:\/\/cbbspainhidea.com\/es\/producto\/hdef115-efi-motor-fueraborda\/"]}]},{"@type":"ImageObject","inLanguage":"es","@id":"https:\/\/cbbspainhidea.com\/es\/producto\/hdef115-efi-motor-fueraborda\/#primaryimage","url":"https:\/\/cbbspainhidea.com\/wp-content\/uploads\/2025\/05\/HIDEA-EFI-115-\u9ed1\u5de6.jpg","contentUrl":"https:\/\/cbbspainhidea.com\/wp-content\/uploads\/2025\/05\/HIDEA-EFI-115-\u9ed1\u5de6.jpg","width":267,"height":551,"caption":"Hidea HDEF115 EFI Outboard Motor"},{"@type":"BreadcrumbList","@id":"https:\/\/cbbspainhidea.com\/es\/producto\/hdef115-efi-motor-fueraborda\/#breadcrumb","itemListElement":[{"@type":"ListItem","position":1,"name":"Home","item":"https:\/\/cbbspainhidea.com\/es\/"},{"@type":"ListItem","position":2,"name":"Selecci\u00f3n","item":"https:\/\/cbbspainhidea.com\/es\/seleccion\/"},{"@type":"ListItem","position":3,"name":"HDEF115"}]},{"@type":"WebSite","@id":"https:\/\/cbbspainhidea.com\/es\/#website","url":"https:\/\/cbbspainhidea.com\/es\/","name":"Hidea Spain - Official distributor","description":"","publisher":{"@id":"https:\/\/cbbspainhidea.com\/es\/#organization"},"potentialAction":[{"@type":"SearchAction","target":{"@type":"EntryPoint","urlTemplate":"https:\/\/cbbspainhidea.com\/es\/?s={search_term_string}"},"query-input":{"@type":"PropertyValueSpecification","valueRequired":true,"valueName":"search_term_string"}}],"inLanguage":"es"},{"@type":"Organization","@id":"https:\/\/cbbspainhidea.com\/es\/#organization","name":"Hidea Spain - Official distributor","url":"https:\/\/cbbspainhidea.com\/es\/","logo":{"@type":"ImageObject","inLanguage":"es","@id":"https:\/\/cbbspainhidea.com\/es\/#\/schema\/logo\/image\/","url":"https:\/\/hideaspain.com\/wp-content\/uploads\/2025\/05\/logo.png","contentUrl":"https:\/\/hideaspain.com\/wp-content\/uploads\/2025\/05\/logo.png","width":602,"height":134,"caption":"Hidea Spain - Official distributor"},"image":{"@id":"https:\/\/cbbspainhidea.com\/es\/#\/schema\/logo\/image\/"}}]}},"_links":{"self":[{"href":"https:\/\/cbbspainhidea.com\/es\/wp-json\/wp\/v2\/product\/364","targetHints":{"allow":["GET"]}}],"collection":[{"href":"https:\/\/cbbspainhidea.com\/es\/wp-json\/wp\/v2\/product"}],"about":[{"href":"https:\/\/cbbspainhidea.com\/es\/wp-json\/wp\/v2\/types\/product"}],"replies":[{"embeddable":true,"href":"https:\/\/cbbspainhidea.com\/es\/wp-json\/wp\/v2\/comments?post=364"}],"wp:featuredmedia":[{"embeddable":true,"href":"https:\/\/cbbspainhidea.com\/es\/wp-json\/wp\/v2\/media\/209"}],"wp:attachment":[{"href":"https:\/\/cbbspainhidea.com\/es\/wp-json\/wp\/v2\/media?parent=364"}],"wp:term":[{"taxonomy":"product_brand","embeddable":true,"href":"https:\/\/cbbspainhidea.com\/es\/wp-json\/wp\/v2\/product_brand?post=364"},{"taxonomy":"product_cat","embeddable":true,"href":"https:\/\/cbbspainhidea.com\/es\/wp-json\/wp\/v2\/product_cat?post=364"},{"taxonomy":"product_tag","embeddable":true,"href":"https:\/\/cbbspainhidea.com\/es\/wp-json\/wp\/v2\/product_tag?post=364"}],"curies":[{"name":"wp","href":"https:\/\/api.w.org\/{rel}","templated":true}]}}