{"id":361,"date":"2025-05-08T09:39:12","date_gmt":"2025-05-08T09:39:12","guid":{"rendered":"https:\/\/hideaspain.com\/product\/hdef130-efi-outboard-motor\/"},"modified":"2025-05-20T10:09:04","modified_gmt":"2025-05-20T10:09:04","slug":"hdef130-efi-motor-fueraborda","status":"publish","type":"product","link":"https:\/\/cbbspainhidea.com\/es\/producto\/hdef130-efi-motor-fueraborda\/","title":{"rendered":"HDEF130"},"content":{"rendered":"<p class=\"\" data-start=\"105\" data-end=\"528\">El Hidea HDEF130 EFI es un motor fuera de borda de cuatro tiempos, potente y eficiente, dise\u00f1ado para ofrecer un rendimiento serio con sus 130HP. Equipado con tecnolog\u00eda avanzada de Inyecci\u00f3n Electr\u00f3nica de Combustible (EFI) controlada por una ECU DELPHI, este motor de 4 cilindros garantiza una respuesta inmediata del acelerador, aceleraci\u00f3n m\u00e1s suave y una econom\u00eda de combustible optimizada en todo el rango de RPM.<\/p>\n<p class=\"\" data-start=\"530\" data-end=\"900\">Dise\u00f1ado para funcionar de manera silenciosa, el HDEF130 EFI incorpora un sistema de Escape Invertido, que redirige los gases a trav\u00e9s del propulsor bajo el agua para reducir el ruido y mejorar el rendimiento. El arranque y el calentamiento son f\u00e1ciles gracias al sistema EFI inteligente, que ajusta autom\u00e1ticamente la mezcla de aire y combustible seg\u00fan las condiciones.<\/p>\n<p class=\"\" data-start=\"902\" data-end=\"1335\">El HDEF130 EFI tambi\u00e9n cuenta con un Sistema de Alerta del Motor incorporado que supervisa las funciones cr\u00edticas para proteger contra el sobrecalentamiento y la baja presi\u00f3n de aceite. Su dise\u00f1o Power Thrust proporciona mayor empuje hacia adelante y en reversa, facilitando las maniobras y el atraque. Adem\u00e1s, es compatible con el sistema NMEA2000, lo que permite una integraci\u00f3n sencilla con los sistemas a bordo de tu embarcaci\u00f3n.<\/p>\n<p><strong>Caracter\u00edsticas del Hidea HDEF130<\/strong><\/p>\n<ul>\n<li>Sistema ECU de inyecci\u00f3n electr\u00f3nica de combustible: combusti\u00f3n m\u00e1s completa, mejores emisiones y rendimiento en econom\u00eda de combustible<\/li>\n<li>Tecnolog\u00eda precisa de detecci\u00f3n de cilindros (MAPCID), elimina el sensor de fase del \u00e1rbol de levas, diferente del juicio difuso de cilindro com\u00fanmente utilizado en la industria<\/li>\n<li>Ajuste preciso de \u201ctres altos\u201d: alta temperatura, fr\u00edo extremo y gran altitud, excelente adaptabilidad ambiental y rendimiento de arranque<\/li>\n<li>Tecnolog\u00eda l\u00edder en la industria contra la corrosi\u00f3n, excelente resistencia al agua salada<\/li>\n<li>Caja de engranajes grande bajo el agua, alta durabilidad<\/li>\n<li>Main components are reinforced, very suitable for commercial use<\/li>\n<li>Versiones disponibles con direcci\u00f3n hacia adelante y hacia atr\u00e1s<\/li>\n<li>Componentes principales reforzados, muy adecuado para uso comercial<\/li>\n<li>Versiones disponibles con direcci\u00f3n hacia adelante y hacia atr\u00e1s<\/li>\n<li>Compatible con sistema NMEA2000<\/li>\n<li>Certificaci\u00f3n EU CE y EPA de EE.UU.<\/li>\n<\/ul>\n","protected":false},"excerpt":{"rendered":"<p>El Hidea HDEF130 EFI es un potente y eficiente motor fuera de borda de 130HP, dise\u00f1ado para un rendimiento superior y una econom\u00eda de combustible optimizada.<\/p>\n","protected":false},"featured_media":208,"comment_status":"open","ping_status":"closed","template":"","meta":{"_acf_changed":false},"product_brand":[],"product_cat":[33,36],"product_tag":[],"class_list":{"0":"post-361","1":"product","2":"type-product","3":"status-publish","4":"has-post-thumbnail","6":"product_cat-deportes-acuaticos","7":"product_cat-motor-fueraborda-efi","10":"first","11":"instock","12":"shipping-taxable","13":"product-type-simple"},"acf":[],"yoast_head":"<!-- This site is optimized with the Yoast SEO plugin v25.0 - https:\/\/yoast.com\/wordpress\/plugins\/seo\/ -->\n<title>Motor fueraborda HDEF130 | Hidea Espa\u00f1a | Distribuidor Oficial<\/title>\n<meta name=\"description\" content=\"Con 130HP, el Hidea Motor fueraborda HDEF130 EFI es perfecto para velocidad, carga y fiabilidad en actividades n\u00e1uticas exigentes.\" \/>\n<meta name=\"robots\" content=\"index, follow, max-snippet:-1, max-image-preview:large, max-video-preview:-1\" \/>\n<link rel=\"canonical\" href=\"https:\/\/cbbspainhidea.com\/es\/producto\/hdef130-efi-motor-fueraborda\/\" \/>\n<meta property=\"og:locale\" content=\"es_ES\" \/>\n<meta property=\"og:type\" content=\"article\" \/>\n<meta property=\"og:title\" content=\"Motor fueraborda HDEF130 | Hidea Espa\u00f1a | Distribuidor Oficial\" \/>\n<meta property=\"og:description\" content=\"Con 130HP, el Hidea Motor fueraborda HDEF130 EFI es perfecto para velocidad, carga y fiabilidad en actividades n\u00e1uticas exigentes.\" \/>\n<meta property=\"og:url\" content=\"https:\/\/cbbspainhidea.com\/es\/producto\/hdef130-efi-motor-fueraborda\/\" \/>\n<meta property=\"og:site_name\" content=\"Hidea Spain - Official distributor\" \/>\n<meta property=\"article:modified_time\" content=\"2025-05-20T10:09:04+00:00\" \/>\n<meta property=\"og:image\" content=\"https:\/\/cbbspainhidea.com\/wp-content\/uploads\/2025\/05\/HIDEA-EF130FEL-T-\u9ed1\u5de6-1.jpg\" \/>\n\t<meta property=\"og:image:width\" content=\"281\" \/>\n\t<meta property=\"og:image:height\" content=\"551\" \/>\n\t<meta property=\"og:image:type\" content=\"image\/jpeg\" \/>\n<meta name=\"twitter:card\" content=\"summary_large_image\" \/>\n<meta name=\"twitter:label1\" content=\"Tiempo de lectura\" \/>\n\t<meta name=\"twitter:data1\" content=\"2 minutos\" \/>\n<script type=\"application\/ld+json\" class=\"yoast-schema-graph\">{\"@context\":\"https:\/\/schema.org\",\"@graph\":[{\"@type\":\"WebPage\",\"@id\":\"https:\/\/cbbspainhidea.com\/es\/producto\/hdef130-efi-motor-fueraborda\/\",\"url\":\"https:\/\/cbbspainhidea.com\/es\/producto\/hdef130-efi-motor-fueraborda\/\",\"name\":\"Motor fueraborda HDEF130 | Hidea Espa\u00f1a | Distribuidor Oficial\",\"isPartOf\":{\"@id\":\"https:\/\/cbbspainhidea.com\/es\/#website\"},\"primaryImageOfPage\":{\"@id\":\"https:\/\/cbbspainhidea.com\/es\/producto\/hdef130-efi-motor-fueraborda\/#primaryimage\"},\"image\":{\"@id\":\"https:\/\/cbbspainhidea.com\/es\/producto\/hdef130-efi-motor-fueraborda\/#primaryimage\"},\"thumbnailUrl\":\"https:\/\/cbbspainhidea.com\/wp-content\/uploads\/2025\/05\/HIDEA-EF130FEL-T-\u9ed1\u5de6-1.jpg\",\"datePublished\":\"2025-05-08T09:39:12+00:00\",\"dateModified\":\"2025-05-20T10:09:04+00:00\",\"description\":\"Con 130HP, el Hidea Motor fueraborda HDEF130 EFI es perfecto para velocidad, carga y fiabilidad en actividades n\u00e1uticas exigentes.\",\"breadcrumb\":{\"@id\":\"https:\/\/cbbspainhidea.com\/es\/producto\/hdef130-efi-motor-fueraborda\/#breadcrumb\"},\"inLanguage\":\"es\",\"potentialAction\":[{\"@type\":\"ReadAction\",\"target\":[\"https:\/\/cbbspainhidea.com\/es\/producto\/hdef130-efi-motor-fueraborda\/\"]}]},{\"@type\":\"ImageObject\",\"inLanguage\":\"es\",\"@id\":\"https:\/\/cbbspainhidea.com\/es\/producto\/hdef130-efi-motor-fueraborda\/#primaryimage\",\"url\":\"https:\/\/cbbspainhidea.com\/wp-content\/uploads\/2025\/05\/HIDEA-EF130FEL-T-\u9ed1\u5de6-1.jpg\",\"contentUrl\":\"https:\/\/cbbspainhidea.com\/wp-content\/uploads\/2025\/05\/HIDEA-EF130FEL-T-\u9ed1\u5de6-1.jpg\",\"width\":281,\"height\":551,\"caption\":\"Hidea HDEF130 EFI Outboard Motor\"},{\"@type\":\"BreadcrumbList\",\"@id\":\"https:\/\/cbbspainhidea.com\/es\/producto\/hdef130-efi-motor-fueraborda\/#breadcrumb\",\"itemListElement\":[{\"@type\":\"ListItem\",\"position\":1,\"name\":\"Home\",\"item\":\"https:\/\/cbbspainhidea.com\/es\/\"},{\"@type\":\"ListItem\",\"position\":2,\"name\":\"Selecci\u00f3n\",\"item\":\"https:\/\/cbbspainhidea.com\/es\/seleccion\/\"},{\"@type\":\"ListItem\",\"position\":3,\"name\":\"HDEF130\"}]},{\"@type\":\"WebSite\",\"@id\":\"https:\/\/cbbspainhidea.com\/es\/#website\",\"url\":\"https:\/\/cbbspainhidea.com\/es\/\",\"name\":\"Hidea Spain - Official distributor\",\"description\":\"\",\"publisher\":{\"@id\":\"https:\/\/cbbspainhidea.com\/es\/#organization\"},\"potentialAction\":[{\"@type\":\"SearchAction\",\"target\":{\"@type\":\"EntryPoint\",\"urlTemplate\":\"https:\/\/cbbspainhidea.com\/es\/?s={search_term_string}\"},\"query-input\":{\"@type\":\"PropertyValueSpecification\",\"valueRequired\":true,\"valueName\":\"search_term_string\"}}],\"inLanguage\":\"es\"},{\"@type\":\"Organization\",\"@id\":\"https:\/\/cbbspainhidea.com\/es\/#organization\",\"name\":\"Hidea Spain - Official distributor\",\"url\":\"https:\/\/cbbspainhidea.com\/es\/\",\"logo\":{\"@type\":\"ImageObject\",\"inLanguage\":\"es\",\"@id\":\"https:\/\/cbbspainhidea.com\/es\/#\/schema\/logo\/image\/\",\"url\":\"https:\/\/hideaspain.com\/wp-content\/uploads\/2025\/05\/logo.png\",\"contentUrl\":\"https:\/\/hideaspain.com\/wp-content\/uploads\/2025\/05\/logo.png\",\"width\":602,\"height\":134,\"caption\":\"Hidea Spain - Official distributor\"},\"image\":{\"@id\":\"https:\/\/cbbspainhidea.com\/es\/#\/schema\/logo\/image\/\"}}]}<\/script>\n<!-- \/ Yoast SEO plugin. -->","yoast_head_json":{"title":"Motor fueraborda HDEF130 | Hidea Espa\u00f1a | Distribuidor Oficial","description":"Con 130HP, el Hidea Motor fueraborda HDEF130 EFI es perfecto para velocidad, carga y fiabilidad en actividades n\u00e1uticas exigentes.","robots":{"index":"index","follow":"follow","max-snippet":"max-snippet:-1","max-image-preview":"max-image-preview:large","max-video-preview":"max-video-preview:-1"},"canonical":"https:\/\/cbbspainhidea.com\/es\/producto\/hdef130-efi-motor-fueraborda\/","og_locale":"es_ES","og_type":"article","og_title":"Motor fueraborda HDEF130 | Hidea Espa\u00f1a | Distribuidor Oficial","og_description":"Con 130HP, el Hidea Motor fueraborda HDEF130 EFI es perfecto para velocidad, carga y fiabilidad en actividades n\u00e1uticas exigentes.","og_url":"https:\/\/cbbspainhidea.com\/es\/producto\/hdef130-efi-motor-fueraborda\/","og_site_name":"Hidea Spain - Official distributor","article_modified_time":"2025-05-20T10:09:04+00:00","og_image":[{"width":281,"height":551,"url":"https:\/\/cbbspainhidea.com\/wp-content\/uploads\/2025\/05\/HIDEA-EF130FEL-T-\u9ed1\u5de6-1.jpg","type":"image\/jpeg"}],"twitter_card":"summary_large_image","twitter_misc":{"Tiempo de lectura":"2 minutos"},"schema":{"@context":"https:\/\/schema.org","@graph":[{"@type":"WebPage","@id":"https:\/\/cbbspainhidea.com\/es\/producto\/hdef130-efi-motor-fueraborda\/","url":"https:\/\/cbbspainhidea.com\/es\/producto\/hdef130-efi-motor-fueraborda\/","name":"Motor fueraborda HDEF130 | Hidea Espa\u00f1a | Distribuidor Oficial","isPartOf":{"@id":"https:\/\/cbbspainhidea.com\/es\/#website"},"primaryImageOfPage":{"@id":"https:\/\/cbbspainhidea.com\/es\/producto\/hdef130-efi-motor-fueraborda\/#primaryimage"},"image":{"@id":"https:\/\/cbbspainhidea.com\/es\/producto\/hdef130-efi-motor-fueraborda\/#primaryimage"},"thumbnailUrl":"https:\/\/cbbspainhidea.com\/wp-content\/uploads\/2025\/05\/HIDEA-EF130FEL-T-\u9ed1\u5de6-1.jpg","datePublished":"2025-05-08T09:39:12+00:00","dateModified":"2025-05-20T10:09:04+00:00","description":"Con 130HP, el Hidea Motor fueraborda HDEF130 EFI es perfecto para velocidad, carga y fiabilidad en actividades n\u00e1uticas exigentes.","breadcrumb":{"@id":"https:\/\/cbbspainhidea.com\/es\/producto\/hdef130-efi-motor-fueraborda\/#breadcrumb"},"inLanguage":"es","potentialAction":[{"@type":"ReadAction","target":["https:\/\/cbbspainhidea.com\/es\/producto\/hdef130-efi-motor-fueraborda\/"]}]},{"@type":"ImageObject","inLanguage":"es","@id":"https:\/\/cbbspainhidea.com\/es\/producto\/hdef130-efi-motor-fueraborda\/#primaryimage","url":"https:\/\/cbbspainhidea.com\/wp-content\/uploads\/2025\/05\/HIDEA-EF130FEL-T-\u9ed1\u5de6-1.jpg","contentUrl":"https:\/\/cbbspainhidea.com\/wp-content\/uploads\/2025\/05\/HIDEA-EF130FEL-T-\u9ed1\u5de6-1.jpg","width":281,"height":551,"caption":"Hidea HDEF130 EFI Outboard Motor"},{"@type":"BreadcrumbList","@id":"https:\/\/cbbspainhidea.com\/es\/producto\/hdef130-efi-motor-fueraborda\/#breadcrumb","itemListElement":[{"@type":"ListItem","position":1,"name":"Home","item":"https:\/\/cbbspainhidea.com\/es\/"},{"@type":"ListItem","position":2,"name":"Selecci\u00f3n","item":"https:\/\/cbbspainhidea.com\/es\/seleccion\/"},{"@type":"ListItem","position":3,"name":"HDEF130"}]},{"@type":"WebSite","@id":"https:\/\/cbbspainhidea.com\/es\/#website","url":"https:\/\/cbbspainhidea.com\/es\/","name":"Hidea Spain - Official distributor","description":"","publisher":{"@id":"https:\/\/cbbspainhidea.com\/es\/#organization"},"potentialAction":[{"@type":"SearchAction","target":{"@type":"EntryPoint","urlTemplate":"https:\/\/cbbspainhidea.com\/es\/?s={search_term_string}"},"query-input":{"@type":"PropertyValueSpecification","valueRequired":true,"valueName":"search_term_string"}}],"inLanguage":"es"},{"@type":"Organization","@id":"https:\/\/cbbspainhidea.com\/es\/#organization","name":"Hidea Spain - Official distributor","url":"https:\/\/cbbspainhidea.com\/es\/","logo":{"@type":"ImageObject","inLanguage":"es","@id":"https:\/\/cbbspainhidea.com\/es\/#\/schema\/logo\/image\/","url":"https:\/\/hideaspain.com\/wp-content\/uploads\/2025\/05\/logo.png","contentUrl":"https:\/\/hideaspain.com\/wp-content\/uploads\/2025\/05\/logo.png","width":602,"height":134,"caption":"Hidea Spain - Official distributor"},"image":{"@id":"https:\/\/cbbspainhidea.com\/es\/#\/schema\/logo\/image\/"}}]}},"_links":{"self":[{"href":"https:\/\/cbbspainhidea.com\/es\/wp-json\/wp\/v2\/product\/361","targetHints":{"allow":["GET"]}}],"collection":[{"href":"https:\/\/cbbspainhidea.com\/es\/wp-json\/wp\/v2\/product"}],"about":[{"href":"https:\/\/cbbspainhidea.com\/es\/wp-json\/wp\/v2\/types\/product"}],"replies":[{"embeddable":true,"href":"https:\/\/cbbspainhidea.com\/es\/wp-json\/wp\/v2\/comments?post=361"}],"wp:featuredmedia":[{"embeddable":true,"href":"https:\/\/cbbspainhidea.com\/es\/wp-json\/wp\/v2\/media\/208"}],"wp:attachment":[{"href":"https:\/\/cbbspainhidea.com\/es\/wp-json\/wp\/v2\/media?parent=361"}],"wp:term":[{"taxonomy":"product_brand","embeddable":true,"href":"https:\/\/cbbspainhidea.com\/es\/wp-json\/wp\/v2\/product_brand?post=361"},{"taxonomy":"product_cat","embeddable":true,"href":"https:\/\/cbbspainhidea.com\/es\/wp-json\/wp\/v2\/product_cat?post=361"},{"taxonomy":"product_tag","embeddable":true,"href":"https:\/\/cbbspainhidea.com\/es\/wp-json\/wp\/v2\/product_tag?post=361"}],"curies":[{"name":"wp","href":"https:\/\/api.w.org\/{rel}","templated":true}]}}