{"id":359,"date":"2025-05-08T13:00:15","date_gmt":"2025-05-08T13:00:15","guid":{"rendered":"https:\/\/hideaspain.com\/product\/hdef60-efi-outboard-motor\/"},"modified":"2025-05-20T09:51:43","modified_gmt":"2025-05-20T09:51:43","slug":"hdef60-efi-motor-fuera-de-borda","status":"publish","type":"product","link":"https:\/\/cbbspainhidea.com\/es\/producto\/hdef60-efi-motor-fuera-de-borda\/","title":{"rendered":"HDEF60"},"content":{"rendered":"<p class=\"\" data-start=\"77\" data-end=\"394\">El HDEF60 EFI representa la cima de la innovaci\u00f3n de Hidea en motores fuera de borda de gama media. Como la marca l\u00edder en China, Hidea sigue superando l\u00edmites con este avanzado modelo de 4 cilindros, que incorpora un sistema EFI perfeccionado para ofrecer eficiencia, rendimiento suave y una fiabilidad superior.<\/p>\n<p class=\"\" data-start=\"396\" data-end=\"854\">En su n\u00facleo se encuentra el sistema de inyecci\u00f3n electr\u00f3nica programada (EFI) desarrollado por DELPHI, que garantiza una sincronizaci\u00f3n precisa del encendido, arranques sin esfuerzo y una respuesta inmediata del acelerador. Ya sea navegando a velocidad constante o a m\u00e1xima potencia, el motor ajusta continuamente la mezcla de aire y combustible para brindar un rendimiento \u00f3ptimo y ahorrar hasta un 20\u202f% de combustible en comparaci\u00f3n con motores similares.<\/p>\n<p class=\"\" data-start=\"856\" data-end=\"1206\">El HDEF60 EFI funciona de forma silenciosa gracias a su sistema de escape invertido y se mantiene protegido mediante un sistema de alerta integrado que monitoriza la temperatura, la presi\u00f3n del aceite y otros par\u00e1metros cr\u00edticos. Su alta relaci\u00f3n de engranajes proporciona mayor empuje y un manejo confiable, listo para cualquier aventura en el agua.<\/p>\n<p class=\"\" data-start=\"1208\" data-end=\"1263\">Bienvenido a bordo: descubre la evoluci\u00f3n de Hidea.<\/p>\n<p><strong>Caracter\u00edsticas del Hidea HDEF60<\/strong><\/p>\n<ul>\n<li>Sistema de inyecci\u00f3n electr\u00f3nica (EFI) con ECU: mejor combusti\u00f3n, menor emisi\u00f3n y mayor eficiencia de combustible<\/li>\n<li>Ajuste preciso de \u201ctres altos\u201d: alta temperatura, fr\u00edo extremo y gran altitud, excelente adaptabilidad ambiental y rendimiento de arranque<\/li>\n<li>Tecnolog\u00eda anticorrosiva l\u00edder en la industria: gran resistencia al agua salada<\/li>\n<li>Se ofrecen dos cajas de engranajes con relaciones de velocidad grande y peque\u00f1a para los mercados recreativo y comercial<\/li>\n<li>Equipado con maneta trasera multifuncional de gran tama\u00f1o para un manejo m\u00e1s f\u00e1cil<\/li>\n<li>Certificaciones CE de la UE y EPA de EE.UU.<\/li>\n<li style=\"list-style-type: none;\"><\/li>\n<\/ul>\n","protected":false},"excerpt":{"rendered":"<p>El HDEF60 EFI representa la cima de la innovaci\u00f3n de Hidea en motores de cuatro tiempos. Su refinado sistema EFI ofrece eficiencia y fiabilidad superior.<\/p>\n","protected":false},"featured_media":211,"comment_status":"open","ping_status":"closed","template":"","meta":{"_acf_changed":false},"product_brand":[],"product_cat":[33,36],"product_tag":[],"class_list":{"0":"post-359","1":"product","2":"type-product","3":"status-publish","4":"has-post-thumbnail","6":"product_cat-deportes-acuaticos","7":"product_cat-motor-fueraborda-efi","10":"first","11":"instock","12":"shipping-taxable","13":"product-type-simple"},"acf":[],"yoast_head":"<!-- This site is optimized with the Yoast SEO plugin v25.0 - https:\/\/yoast.com\/wordpress\/plugins\/seo\/ -->\n<title>Motor fueraborda HDEF60 EFI | Hidea Espa\u00f1a | Distribuidor Oficial<\/title>\n<meta name=\"description\" content=\"Explora el Hidea HDEF60 EFI, un motor fueraborda de 60HP con inyecci\u00f3n electr\u00f3nica para aventuras en el mar con potencia y control.\" \/>\n<meta name=\"robots\" content=\"index, follow, max-snippet:-1, max-image-preview:large, max-video-preview:-1\" \/>\n<link rel=\"canonical\" href=\"https:\/\/cbbspainhidea.com\/es\/producto\/hdef60-efi-motor-fuera-de-borda\/\" \/>\n<meta property=\"og:locale\" content=\"es_ES\" \/>\n<meta property=\"og:type\" content=\"article\" \/>\n<meta property=\"og:title\" content=\"Motor fueraborda HDEF60 EFI | Hidea Espa\u00f1a | Distribuidor Oficial\" \/>\n<meta property=\"og:description\" content=\"Explora el Hidea HDEF60 EFI, un motor fueraborda de 60HP con inyecci\u00f3n electr\u00f3nica para aventuras en el mar con potencia y control.\" \/>\n<meta property=\"og:url\" content=\"https:\/\/cbbspainhidea.com\/es\/producto\/hdef60-efi-motor-fuera-de-borda\/\" \/>\n<meta property=\"og:site_name\" content=\"Hidea Spain - Official distributor\" \/>\n<meta property=\"article:modified_time\" content=\"2025-05-20T09:51:43+00:00\" \/>\n<meta property=\"og:image\" content=\"https:\/\/cbbspainhidea.com\/wp-content\/uploads\/2025\/05\/HIDEA-HDEF60FVEL-T-\u9ed1\u5de6.jpg\" \/>\n\t<meta property=\"og:image:width\" content=\"260\" \/>\n\t<meta property=\"og:image:height\" content=\"551\" \/>\n\t<meta property=\"og:image:type\" content=\"image\/jpeg\" \/>\n<meta name=\"twitter:card\" content=\"summary_large_image\" \/>\n<meta name=\"twitter:label1\" content=\"Tiempo de lectura\" \/>\n\t<meta name=\"twitter:data1\" content=\"2 minutos\" \/>\n<script type=\"application\/ld+json\" class=\"yoast-schema-graph\">{\"@context\":\"https:\/\/schema.org\",\"@graph\":[{\"@type\":\"WebPage\",\"@id\":\"https:\/\/cbbspainhidea.com\/es\/producto\/hdef60-efi-motor-fuera-de-borda\/\",\"url\":\"https:\/\/cbbspainhidea.com\/es\/producto\/hdef60-efi-motor-fuera-de-borda\/\",\"name\":\"Motor fueraborda HDEF60 EFI | Hidea Espa\u00f1a | Distribuidor Oficial\",\"isPartOf\":{\"@id\":\"https:\/\/cbbspainhidea.com\/es\/#website\"},\"primaryImageOfPage\":{\"@id\":\"https:\/\/cbbspainhidea.com\/es\/producto\/hdef60-efi-motor-fuera-de-borda\/#primaryimage\"},\"image\":{\"@id\":\"https:\/\/cbbspainhidea.com\/es\/producto\/hdef60-efi-motor-fuera-de-borda\/#primaryimage\"},\"thumbnailUrl\":\"https:\/\/cbbspainhidea.com\/wp-content\/uploads\/2025\/05\/HIDEA-HDEF60FVEL-T-\u9ed1\u5de6.jpg\",\"datePublished\":\"2025-05-08T13:00:15+00:00\",\"dateModified\":\"2025-05-20T09:51:43+00:00\",\"description\":\"Explora el Hidea HDEF60 EFI, un motor fueraborda de 60HP con inyecci\u00f3n electr\u00f3nica para aventuras en el mar con potencia y control.\",\"breadcrumb\":{\"@id\":\"https:\/\/cbbspainhidea.com\/es\/producto\/hdef60-efi-motor-fuera-de-borda\/#breadcrumb\"},\"inLanguage\":\"es\",\"potentialAction\":[{\"@type\":\"ReadAction\",\"target\":[\"https:\/\/cbbspainhidea.com\/es\/producto\/hdef60-efi-motor-fuera-de-borda\/\"]}]},{\"@type\":\"ImageObject\",\"inLanguage\":\"es\",\"@id\":\"https:\/\/cbbspainhidea.com\/es\/producto\/hdef60-efi-motor-fuera-de-borda\/#primaryimage\",\"url\":\"https:\/\/cbbspainhidea.com\/wp-content\/uploads\/2025\/05\/HIDEA-HDEF60FVEL-T-\u9ed1\u5de6.jpg\",\"contentUrl\":\"https:\/\/cbbspainhidea.com\/wp-content\/uploads\/2025\/05\/HIDEA-HDEF60FVEL-T-\u9ed1\u5de6.jpg\",\"width\":260,\"height\":551,\"caption\":\"Hidea HDF60 EFI outboard motor\"},{\"@type\":\"BreadcrumbList\",\"@id\":\"https:\/\/cbbspainhidea.com\/es\/producto\/hdef60-efi-motor-fuera-de-borda\/#breadcrumb\",\"itemListElement\":[{\"@type\":\"ListItem\",\"position\":1,\"name\":\"Home\",\"item\":\"https:\/\/cbbspainhidea.com\/es\/\"},{\"@type\":\"ListItem\",\"position\":2,\"name\":\"Selecci\u00f3n\",\"item\":\"https:\/\/cbbspainhidea.com\/es\/seleccion\/\"},{\"@type\":\"ListItem\",\"position\":3,\"name\":\"HDEF60\"}]},{\"@type\":\"WebSite\",\"@id\":\"https:\/\/cbbspainhidea.com\/es\/#website\",\"url\":\"https:\/\/cbbspainhidea.com\/es\/\",\"name\":\"Hidea Spain - Official distributor\",\"description\":\"\",\"publisher\":{\"@id\":\"https:\/\/cbbspainhidea.com\/es\/#organization\"},\"potentialAction\":[{\"@type\":\"SearchAction\",\"target\":{\"@type\":\"EntryPoint\",\"urlTemplate\":\"https:\/\/cbbspainhidea.com\/es\/?s={search_term_string}\"},\"query-input\":{\"@type\":\"PropertyValueSpecification\",\"valueRequired\":true,\"valueName\":\"search_term_string\"}}],\"inLanguage\":\"es\"},{\"@type\":\"Organization\",\"@id\":\"https:\/\/cbbspainhidea.com\/es\/#organization\",\"name\":\"Hidea Spain - Official distributor\",\"url\":\"https:\/\/cbbspainhidea.com\/es\/\",\"logo\":{\"@type\":\"ImageObject\",\"inLanguage\":\"es\",\"@id\":\"https:\/\/cbbspainhidea.com\/es\/#\/schema\/logo\/image\/\",\"url\":\"https:\/\/hideaspain.com\/wp-content\/uploads\/2025\/05\/logo.png\",\"contentUrl\":\"https:\/\/hideaspain.com\/wp-content\/uploads\/2025\/05\/logo.png\",\"width\":602,\"height\":134,\"caption\":\"Hidea Spain - Official distributor\"},\"image\":{\"@id\":\"https:\/\/cbbspainhidea.com\/es\/#\/schema\/logo\/image\/\"}}]}<\/script>\n<!-- \/ Yoast SEO plugin. -->","yoast_head_json":{"title":"Motor fueraborda HDEF60 EFI | Hidea Espa\u00f1a | Distribuidor Oficial","description":"Explora el Hidea HDEF60 EFI, un motor fueraborda de 60HP con inyecci\u00f3n electr\u00f3nica para aventuras en el mar con potencia y control.","robots":{"index":"index","follow":"follow","max-snippet":"max-snippet:-1","max-image-preview":"max-image-preview:large","max-video-preview":"max-video-preview:-1"},"canonical":"https:\/\/cbbspainhidea.com\/es\/producto\/hdef60-efi-motor-fuera-de-borda\/","og_locale":"es_ES","og_type":"article","og_title":"Motor fueraborda HDEF60 EFI | Hidea Espa\u00f1a | Distribuidor Oficial","og_description":"Explora el Hidea HDEF60 EFI, un motor fueraborda de 60HP con inyecci\u00f3n electr\u00f3nica para aventuras en el mar con potencia y control.","og_url":"https:\/\/cbbspainhidea.com\/es\/producto\/hdef60-efi-motor-fuera-de-borda\/","og_site_name":"Hidea Spain - Official distributor","article_modified_time":"2025-05-20T09:51:43+00:00","og_image":[{"width":260,"height":551,"url":"https:\/\/cbbspainhidea.com\/wp-content\/uploads\/2025\/05\/HIDEA-HDEF60FVEL-T-\u9ed1\u5de6.jpg","type":"image\/jpeg"}],"twitter_card":"summary_large_image","twitter_misc":{"Tiempo de lectura":"2 minutos"},"schema":{"@context":"https:\/\/schema.org","@graph":[{"@type":"WebPage","@id":"https:\/\/cbbspainhidea.com\/es\/producto\/hdef60-efi-motor-fuera-de-borda\/","url":"https:\/\/cbbspainhidea.com\/es\/producto\/hdef60-efi-motor-fuera-de-borda\/","name":"Motor fueraborda HDEF60 EFI | Hidea Espa\u00f1a | Distribuidor Oficial","isPartOf":{"@id":"https:\/\/cbbspainhidea.com\/es\/#website"},"primaryImageOfPage":{"@id":"https:\/\/cbbspainhidea.com\/es\/producto\/hdef60-efi-motor-fuera-de-borda\/#primaryimage"},"image":{"@id":"https:\/\/cbbspainhidea.com\/es\/producto\/hdef60-efi-motor-fuera-de-borda\/#primaryimage"},"thumbnailUrl":"https:\/\/cbbspainhidea.com\/wp-content\/uploads\/2025\/05\/HIDEA-HDEF60FVEL-T-\u9ed1\u5de6.jpg","datePublished":"2025-05-08T13:00:15+00:00","dateModified":"2025-05-20T09:51:43+00:00","description":"Explora el Hidea HDEF60 EFI, un motor fueraborda de 60HP con inyecci\u00f3n electr\u00f3nica para aventuras en el mar con potencia y control.","breadcrumb":{"@id":"https:\/\/cbbspainhidea.com\/es\/producto\/hdef60-efi-motor-fuera-de-borda\/#breadcrumb"},"inLanguage":"es","potentialAction":[{"@type":"ReadAction","target":["https:\/\/cbbspainhidea.com\/es\/producto\/hdef60-efi-motor-fuera-de-borda\/"]}]},{"@type":"ImageObject","inLanguage":"es","@id":"https:\/\/cbbspainhidea.com\/es\/producto\/hdef60-efi-motor-fuera-de-borda\/#primaryimage","url":"https:\/\/cbbspainhidea.com\/wp-content\/uploads\/2025\/05\/HIDEA-HDEF60FVEL-T-\u9ed1\u5de6.jpg","contentUrl":"https:\/\/cbbspainhidea.com\/wp-content\/uploads\/2025\/05\/HIDEA-HDEF60FVEL-T-\u9ed1\u5de6.jpg","width":260,"height":551,"caption":"Hidea HDF60 EFI outboard motor"},{"@type":"BreadcrumbList","@id":"https:\/\/cbbspainhidea.com\/es\/producto\/hdef60-efi-motor-fuera-de-borda\/#breadcrumb","itemListElement":[{"@type":"ListItem","position":1,"name":"Home","item":"https:\/\/cbbspainhidea.com\/es\/"},{"@type":"ListItem","position":2,"name":"Selecci\u00f3n","item":"https:\/\/cbbspainhidea.com\/es\/seleccion\/"},{"@type":"ListItem","position":3,"name":"HDEF60"}]},{"@type":"WebSite","@id":"https:\/\/cbbspainhidea.com\/es\/#website","url":"https:\/\/cbbspainhidea.com\/es\/","name":"Hidea Spain - Official distributor","description":"","publisher":{"@id":"https:\/\/cbbspainhidea.com\/es\/#organization"},"potentialAction":[{"@type":"SearchAction","target":{"@type":"EntryPoint","urlTemplate":"https:\/\/cbbspainhidea.com\/es\/?s={search_term_string}"},"query-input":{"@type":"PropertyValueSpecification","valueRequired":true,"valueName":"search_term_string"}}],"inLanguage":"es"},{"@type":"Organization","@id":"https:\/\/cbbspainhidea.com\/es\/#organization","name":"Hidea Spain - Official distributor","url":"https:\/\/cbbspainhidea.com\/es\/","logo":{"@type":"ImageObject","inLanguage":"es","@id":"https:\/\/cbbspainhidea.com\/es\/#\/schema\/logo\/image\/","url":"https:\/\/hideaspain.com\/wp-content\/uploads\/2025\/05\/logo.png","contentUrl":"https:\/\/hideaspain.com\/wp-content\/uploads\/2025\/05\/logo.png","width":602,"height":134,"caption":"Hidea Spain - Official distributor"},"image":{"@id":"https:\/\/cbbspainhidea.com\/es\/#\/schema\/logo\/image\/"}}]}},"_links":{"self":[{"href":"https:\/\/cbbspainhidea.com\/es\/wp-json\/wp\/v2\/product\/359","targetHints":{"allow":["GET"]}}],"collection":[{"href":"https:\/\/cbbspainhidea.com\/es\/wp-json\/wp\/v2\/product"}],"about":[{"href":"https:\/\/cbbspainhidea.com\/es\/wp-json\/wp\/v2\/types\/product"}],"replies":[{"embeddable":true,"href":"https:\/\/cbbspainhidea.com\/es\/wp-json\/wp\/v2\/comments?post=359"}],"wp:featuredmedia":[{"embeddable":true,"href":"https:\/\/cbbspainhidea.com\/es\/wp-json\/wp\/v2\/media\/211"}],"wp:attachment":[{"href":"https:\/\/cbbspainhidea.com\/es\/wp-json\/wp\/v2\/media?parent=359"}],"wp:term":[{"taxonomy":"product_brand","embeddable":true,"href":"https:\/\/cbbspainhidea.com\/es\/wp-json\/wp\/v2\/product_brand?post=359"},{"taxonomy":"product_cat","embeddable":true,"href":"https:\/\/cbbspainhidea.com\/es\/wp-json\/wp\/v2\/product_cat?post=359"},{"taxonomy":"product_tag","embeddable":true,"href":"https:\/\/cbbspainhidea.com\/es\/wp-json\/wp\/v2\/product_tag?post=359"}],"curies":[{"name":"wp","href":"https:\/\/api.w.org\/{rel}","templated":true}]}}