{"id":357,"date":"2025-05-08T13:51:52","date_gmt":"2025-05-08T13:51:52","guid":{"rendered":"https:\/\/hideaspain.com\/product\/hdef50-efi-outboard-motor\/"},"modified":"2025-05-20T10:03:59","modified_gmt":"2025-05-20T10:03:59","slug":"hdef50-efi-motor-fuera-de-borda","status":"publish","type":"product","link":"https:\/\/cbbspainhidea.com\/es\/producto\/hdef50-efi-motor-fuera-de-borda\/","title":{"rendered":"HDEF50"},"content":{"rendered":"<p class=\"\" data-start=\"88\" data-end=\"533\">Potente, eficiente y excepcionalmente bien equipado, el Hidea HDEF50 EFI es un motor fuera de borda de 50HP y cuatro tiempos, dise\u00f1ado para rendir al m\u00e1ximo en largas distancias. Equipado con un robusto motor de 4 cilindros y el avanzado sistema de inyecci\u00f3n electr\u00f3nica de combustible (EFI) de DELPHI, este modelo ofrece una respuesta inmediata del acelerador, consumo optimizado de combustible y arranques suaves y fiables en todo momento.<\/p>\n<p class=\"\" data-start=\"535\" data-end=\"811\">Su funcionamiento silencioso\u2014gracias al sistema de escape invertido\u2014permite disfrutar de una navegaci\u00f3n tranquila, mientras que el sistema de alerta del motor protege tu inversi\u00f3n supervisando la temperatura, la presi\u00f3n del aceite y otros indicadores clave de rendimiento.<\/p>\n<p class=\"\" data-start=\"813\" data-end=\"1275\">Lo que distingue al HDEF50 EFI es su enfoque en la durabilidad y la comodidad del usuario. Con un recubrimiento anticorrosivo de seis capas de pintura PPG, un dep\u00f3sito de aceite ampliado para una mejor lubricaci\u00f3n y un alternador de alto rendimiento para una carga constante, este motor est\u00e1 hecho para durar. Otros puntos destacados incluyen un dise\u00f1o estilizado, escape a trav\u00e9s de la h\u00e9lice, mando a distancia y un generoso dep\u00f3sito de combustible de 24L.<\/p>\n<p class=\"\" data-start=\"1277\" data-end=\"1397\">Para un manejo suave, gran ahorro de combustible y funcionamiento sin complicaciones, el HDEF50 EFI cumple con todo.<\/p>\n<p><strong>Caracter\u00edsticas del Hidea HDEF30<\/strong><\/p>\n<ul>\n<li>Sistema de inyecci\u00f3n electr\u00f3nica (EFI) con ECU: mejor combusti\u00f3n, menor emisi\u00f3n y mayor eficiencia de combustible<\/li>\n<li>Ajuste preciso para condiciones extremas de temperatura, fr\u00edo y altitud (\u00abtres altos\u00bb): excelente adaptabilidad y rendimiento de arranque<\/li>\n<li>Tecnolog\u00eda anticorrosiva l\u00edder en la industria: gran resistencia al agua salada<\/li>\n<li>Equipado con maneta trasera multifuncional de gran tama\u00f1o para un manejo m\u00e1s f\u00e1cil<\/li>\n<li>Certificaciones CE de la UE y EPA de EE.UU.<\/li>\n<\/ul>\n","protected":false},"excerpt":{"rendered":"<p>El Hidea HDEF50 EFI es un motor potente y eficiente de 50HP, dise\u00f1ado para ofrecer rendimiento duradero, manejo suave y funciones inteligentes.<\/p>\n","protected":false},"featured_media":210,"comment_status":"open","ping_status":"closed","template":"","meta":{"_acf_changed":false},"product_brand":[],"product_cat":[33,36,34,35],"product_tag":[],"class_list":{"0":"post-357","1":"product","2":"type-product","3":"status-publish","4":"has-post-thumbnail","6":"product_cat-deportes-acuaticos","7":"product_cat-motor-fueraborda-efi","8":"product_cat-pesca","9":"product_cat-recreo","12":"first","13":"instock","14":"shipping-taxable","15":"product-type-simple"},"acf":[],"yoast_head":"<!-- This site is optimized with the Yoast SEO plugin v25.0 - https:\/\/yoast.com\/wordpress\/plugins\/seo\/ -->\n<title>Motor fueraborda HDEF50 EFI | Hidea Espa\u00f1a | Distribuidor Oficial<\/title>\n<meta name=\"description\" content=\"Con 50CV y tecnolog\u00eda EFI, el Hidea HDEF50 EFI garantiza navegaci\u00f3n fluida y menor consumo. Ideal para paseos y actividades n\u00e1uticas.\" \/>\n<meta name=\"robots\" content=\"index, follow, max-snippet:-1, max-image-preview:large, max-video-preview:-1\" \/>\n<link rel=\"canonical\" href=\"https:\/\/cbbspainhidea.com\/es\/producto\/hdef50-efi-motor-fuera-de-borda\/\" \/>\n<meta property=\"og:locale\" content=\"es_ES\" \/>\n<meta property=\"og:type\" content=\"article\" \/>\n<meta property=\"og:title\" content=\"Motor fueraborda HDEF50 EFI | Hidea Espa\u00f1a | Distribuidor Oficial\" \/>\n<meta property=\"og:description\" content=\"Con 50CV y tecnolog\u00eda EFI, el Hidea HDEF50 EFI garantiza navegaci\u00f3n fluida y menor consumo. Ideal para paseos y actividades n\u00e1uticas.\" \/>\n<meta property=\"og:url\" content=\"https:\/\/cbbspainhidea.com\/es\/producto\/hdef50-efi-motor-fuera-de-borda\/\" \/>\n<meta property=\"og:site_name\" content=\"Hidea Spain - Official distributor\" \/>\n<meta property=\"article:modified_time\" content=\"2025-05-20T10:03:59+00:00\" \/>\n<meta property=\"og:image\" content=\"https:\/\/cbbspainhidea.com\/wp-content\/uploads\/2025\/05\/HD-EFI-50-\u9ed1\u5de6.jpg\" \/>\n\t<meta property=\"og:image:width\" content=\"301\" \/>\n\t<meta property=\"og:image:height\" content=\"551\" \/>\n\t<meta property=\"og:image:type\" content=\"image\/jpeg\" \/>\n<meta name=\"twitter:card\" content=\"summary_large_image\" \/>\n<meta name=\"twitter:label1\" content=\"Tiempo de lectura\" \/>\n\t<meta name=\"twitter:data1\" content=\"2 minutos\" \/>\n<script type=\"application\/ld+json\" class=\"yoast-schema-graph\">{\"@context\":\"https:\/\/schema.org\",\"@graph\":[{\"@type\":\"WebPage\",\"@id\":\"https:\/\/cbbspainhidea.com\/es\/producto\/hdef50-efi-motor-fuera-de-borda\/\",\"url\":\"https:\/\/cbbspainhidea.com\/es\/producto\/hdef50-efi-motor-fuera-de-borda\/\",\"name\":\"Motor fueraborda HDEF50 EFI | Hidea Espa\u00f1a | Distribuidor Oficial\",\"isPartOf\":{\"@id\":\"https:\/\/cbbspainhidea.com\/es\/#website\"},\"primaryImageOfPage\":{\"@id\":\"https:\/\/cbbspainhidea.com\/es\/producto\/hdef50-efi-motor-fuera-de-borda\/#primaryimage\"},\"image\":{\"@id\":\"https:\/\/cbbspainhidea.com\/es\/producto\/hdef50-efi-motor-fuera-de-borda\/#primaryimage\"},\"thumbnailUrl\":\"https:\/\/cbbspainhidea.com\/wp-content\/uploads\/2025\/05\/HD-EFI-50-\u9ed1\u5de6.jpg\",\"datePublished\":\"2025-05-08T13:51:52+00:00\",\"dateModified\":\"2025-05-20T10:03:59+00:00\",\"description\":\"Con 50CV y tecnolog\u00eda EFI, el Hidea HDEF50 EFI garantiza navegaci\u00f3n fluida y menor consumo. Ideal para paseos y actividades n\u00e1uticas.\",\"breadcrumb\":{\"@id\":\"https:\/\/cbbspainhidea.com\/es\/producto\/hdef50-efi-motor-fuera-de-borda\/#breadcrumb\"},\"inLanguage\":\"es\",\"potentialAction\":[{\"@type\":\"ReadAction\",\"target\":[\"https:\/\/cbbspainhidea.com\/es\/producto\/hdef50-efi-motor-fuera-de-borda\/\"]}]},{\"@type\":\"ImageObject\",\"inLanguage\":\"es\",\"@id\":\"https:\/\/cbbspainhidea.com\/es\/producto\/hdef50-efi-motor-fuera-de-borda\/#primaryimage\",\"url\":\"https:\/\/cbbspainhidea.com\/wp-content\/uploads\/2025\/05\/HD-EFI-50-\u9ed1\u5de6.jpg\",\"contentUrl\":\"https:\/\/cbbspainhidea.com\/wp-content\/uploads\/2025\/05\/HD-EFI-50-\u9ed1\u5de6.jpg\",\"width\":301,\"height\":551,\"caption\":\"Hidea HDEF50 EFI outboard motor\"},{\"@type\":\"BreadcrumbList\",\"@id\":\"https:\/\/cbbspainhidea.com\/es\/producto\/hdef50-efi-motor-fuera-de-borda\/#breadcrumb\",\"itemListElement\":[{\"@type\":\"ListItem\",\"position\":1,\"name\":\"Home\",\"item\":\"https:\/\/cbbspainhidea.com\/es\/\"},{\"@type\":\"ListItem\",\"position\":2,\"name\":\"Selecci\u00f3n\",\"item\":\"https:\/\/cbbspainhidea.com\/es\/seleccion\/\"},{\"@type\":\"ListItem\",\"position\":3,\"name\":\"HDEF50\"}]},{\"@type\":\"WebSite\",\"@id\":\"https:\/\/cbbspainhidea.com\/es\/#website\",\"url\":\"https:\/\/cbbspainhidea.com\/es\/\",\"name\":\"Hidea Spain - Official distributor\",\"description\":\"\",\"publisher\":{\"@id\":\"https:\/\/cbbspainhidea.com\/es\/#organization\"},\"potentialAction\":[{\"@type\":\"SearchAction\",\"target\":{\"@type\":\"EntryPoint\",\"urlTemplate\":\"https:\/\/cbbspainhidea.com\/es\/?s={search_term_string}\"},\"query-input\":{\"@type\":\"PropertyValueSpecification\",\"valueRequired\":true,\"valueName\":\"search_term_string\"}}],\"inLanguage\":\"es\"},{\"@type\":\"Organization\",\"@id\":\"https:\/\/cbbspainhidea.com\/es\/#organization\",\"name\":\"Hidea Spain - Official distributor\",\"url\":\"https:\/\/cbbspainhidea.com\/es\/\",\"logo\":{\"@type\":\"ImageObject\",\"inLanguage\":\"es\",\"@id\":\"https:\/\/cbbspainhidea.com\/es\/#\/schema\/logo\/image\/\",\"url\":\"https:\/\/hideaspain.com\/wp-content\/uploads\/2025\/05\/logo.png\",\"contentUrl\":\"https:\/\/hideaspain.com\/wp-content\/uploads\/2025\/05\/logo.png\",\"width\":602,\"height\":134,\"caption\":\"Hidea Spain - Official distributor\"},\"image\":{\"@id\":\"https:\/\/cbbspainhidea.com\/es\/#\/schema\/logo\/image\/\"}}]}<\/script>\n<!-- \/ Yoast SEO plugin. -->","yoast_head_json":{"title":"Motor fueraborda HDEF50 EFI | Hidea Espa\u00f1a | Distribuidor Oficial","description":"Con 50CV y tecnolog\u00eda EFI, el Hidea HDEF50 EFI garantiza navegaci\u00f3n fluida y menor consumo. Ideal para paseos y actividades n\u00e1uticas.","robots":{"index":"index","follow":"follow","max-snippet":"max-snippet:-1","max-image-preview":"max-image-preview:large","max-video-preview":"max-video-preview:-1"},"canonical":"https:\/\/cbbspainhidea.com\/es\/producto\/hdef50-efi-motor-fuera-de-borda\/","og_locale":"es_ES","og_type":"article","og_title":"Motor fueraborda HDEF50 EFI | Hidea Espa\u00f1a | Distribuidor Oficial","og_description":"Con 50CV y tecnolog\u00eda EFI, el Hidea HDEF50 EFI garantiza navegaci\u00f3n fluida y menor consumo. Ideal para paseos y actividades n\u00e1uticas.","og_url":"https:\/\/cbbspainhidea.com\/es\/producto\/hdef50-efi-motor-fuera-de-borda\/","og_site_name":"Hidea Spain - Official distributor","article_modified_time":"2025-05-20T10:03:59+00:00","og_image":[{"width":301,"height":551,"url":"https:\/\/cbbspainhidea.com\/wp-content\/uploads\/2025\/05\/HD-EFI-50-\u9ed1\u5de6.jpg","type":"image\/jpeg"}],"twitter_card":"summary_large_image","twitter_misc":{"Tiempo de lectura":"2 minutos"},"schema":{"@context":"https:\/\/schema.org","@graph":[{"@type":"WebPage","@id":"https:\/\/cbbspainhidea.com\/es\/producto\/hdef50-efi-motor-fuera-de-borda\/","url":"https:\/\/cbbspainhidea.com\/es\/producto\/hdef50-efi-motor-fuera-de-borda\/","name":"Motor fueraborda HDEF50 EFI | Hidea Espa\u00f1a | Distribuidor Oficial","isPartOf":{"@id":"https:\/\/cbbspainhidea.com\/es\/#website"},"primaryImageOfPage":{"@id":"https:\/\/cbbspainhidea.com\/es\/producto\/hdef50-efi-motor-fuera-de-borda\/#primaryimage"},"image":{"@id":"https:\/\/cbbspainhidea.com\/es\/producto\/hdef50-efi-motor-fuera-de-borda\/#primaryimage"},"thumbnailUrl":"https:\/\/cbbspainhidea.com\/wp-content\/uploads\/2025\/05\/HD-EFI-50-\u9ed1\u5de6.jpg","datePublished":"2025-05-08T13:51:52+00:00","dateModified":"2025-05-20T10:03:59+00:00","description":"Con 50CV y tecnolog\u00eda EFI, el Hidea HDEF50 EFI garantiza navegaci\u00f3n fluida y menor consumo. Ideal para paseos y actividades n\u00e1uticas.","breadcrumb":{"@id":"https:\/\/cbbspainhidea.com\/es\/producto\/hdef50-efi-motor-fuera-de-borda\/#breadcrumb"},"inLanguage":"es","potentialAction":[{"@type":"ReadAction","target":["https:\/\/cbbspainhidea.com\/es\/producto\/hdef50-efi-motor-fuera-de-borda\/"]}]},{"@type":"ImageObject","inLanguage":"es","@id":"https:\/\/cbbspainhidea.com\/es\/producto\/hdef50-efi-motor-fuera-de-borda\/#primaryimage","url":"https:\/\/cbbspainhidea.com\/wp-content\/uploads\/2025\/05\/HD-EFI-50-\u9ed1\u5de6.jpg","contentUrl":"https:\/\/cbbspainhidea.com\/wp-content\/uploads\/2025\/05\/HD-EFI-50-\u9ed1\u5de6.jpg","width":301,"height":551,"caption":"Hidea HDEF50 EFI outboard motor"},{"@type":"BreadcrumbList","@id":"https:\/\/cbbspainhidea.com\/es\/producto\/hdef50-efi-motor-fuera-de-borda\/#breadcrumb","itemListElement":[{"@type":"ListItem","position":1,"name":"Home","item":"https:\/\/cbbspainhidea.com\/es\/"},{"@type":"ListItem","position":2,"name":"Selecci\u00f3n","item":"https:\/\/cbbspainhidea.com\/es\/seleccion\/"},{"@type":"ListItem","position":3,"name":"HDEF50"}]},{"@type":"WebSite","@id":"https:\/\/cbbspainhidea.com\/es\/#website","url":"https:\/\/cbbspainhidea.com\/es\/","name":"Hidea Spain - Official distributor","description":"","publisher":{"@id":"https:\/\/cbbspainhidea.com\/es\/#organization"},"potentialAction":[{"@type":"SearchAction","target":{"@type":"EntryPoint","urlTemplate":"https:\/\/cbbspainhidea.com\/es\/?s={search_term_string}"},"query-input":{"@type":"PropertyValueSpecification","valueRequired":true,"valueName":"search_term_string"}}],"inLanguage":"es"},{"@type":"Organization","@id":"https:\/\/cbbspainhidea.com\/es\/#organization","name":"Hidea Spain - Official distributor","url":"https:\/\/cbbspainhidea.com\/es\/","logo":{"@type":"ImageObject","inLanguage":"es","@id":"https:\/\/cbbspainhidea.com\/es\/#\/schema\/logo\/image\/","url":"https:\/\/hideaspain.com\/wp-content\/uploads\/2025\/05\/logo.png","contentUrl":"https:\/\/hideaspain.com\/wp-content\/uploads\/2025\/05\/logo.png","width":602,"height":134,"caption":"Hidea Spain - Official distributor"},"image":{"@id":"https:\/\/cbbspainhidea.com\/es\/#\/schema\/logo\/image\/"}}]}},"_links":{"self":[{"href":"https:\/\/cbbspainhidea.com\/es\/wp-json\/wp\/v2\/product\/357","targetHints":{"allow":["GET"]}}],"collection":[{"href":"https:\/\/cbbspainhidea.com\/es\/wp-json\/wp\/v2\/product"}],"about":[{"href":"https:\/\/cbbspainhidea.com\/es\/wp-json\/wp\/v2\/types\/product"}],"replies":[{"embeddable":true,"href":"https:\/\/cbbspainhidea.com\/es\/wp-json\/wp\/v2\/comments?post=357"}],"wp:featuredmedia":[{"embeddable":true,"href":"https:\/\/cbbspainhidea.com\/es\/wp-json\/wp\/v2\/media\/210"}],"wp:attachment":[{"href":"https:\/\/cbbspainhidea.com\/es\/wp-json\/wp\/v2\/media?parent=357"}],"wp:term":[{"taxonomy":"product_brand","embeddable":true,"href":"https:\/\/cbbspainhidea.com\/es\/wp-json\/wp\/v2\/product_brand?post=357"},{"taxonomy":"product_cat","embeddable":true,"href":"https:\/\/cbbspainhidea.com\/es\/wp-json\/wp\/v2\/product_cat?post=357"},{"taxonomy":"product_tag","embeddable":true,"href":"https:\/\/cbbspainhidea.com\/es\/wp-json\/wp\/v2\/product_tag?post=357"}],"curies":[{"name":"wp","href":"https:\/\/api.w.org\/{rel}","templated":true}]}}