{"id":353,"date":"2025-05-08T15:01:49","date_gmt":"2025-05-08T15:01:49","guid":{"rendered":"https:\/\/hideaspain.com\/product\/hdef30-efi-outboard-motor\/"},"modified":"2025-05-20T09:47:49","modified_gmt":"2025-05-20T09:47:49","slug":"hdef30-efi-motor-fuera-de-borda","status":"publish","type":"product","link":"https:\/\/cbbspainhidea.com\/es\/producto\/hdef30-efi-motor-fuera-de-borda\/","title":{"rendered":"HDEF30"},"content":{"rendered":"<p class=\"\" data-start=\"186\" data-end=\"589\">El Hidea HDEF30 EFI logra el equilibrio perfecto entre portabilidad ligera y rendimiento confiable. Este motor fuera de borda de 3 cilindros y 4 tiempos incorpora tecnolog\u00eda avanzada de inyecci\u00f3n electr\u00f3nica de combustible (EFI), con una ECU DELPHI de alta precisi\u00f3n que garantiza una respuesta instant\u00e1nea del acelerador, arranque confiable y ahorro de combustible en todos los rangos de velocidad.<\/p>\n<p class=\"\" data-start=\"591\" data-end=\"961\">Su funcionamiento silencioso se logra gracias al sistema de escape invertido de Hidea, que dirige los gases a trav\u00e9s del cubo de la h\u00e9lice para reducir el ruido y aumentar la comodidad a bordo. Adem\u00e1s, el sistema de alerta del motor monitorea continuamente funciones clave como la temperatura o la presi\u00f3n del aceite, ofreciendo total tranquilidad durante la navegaci\u00f3n.<\/p>\n<p class=\"\" data-start=\"963\" data-end=\"1307\">Este motor fuera de borda de gama media ofrece una relaci\u00f3n de engranajes alta para mayor empuje y una maniobrabilidad sensible. Con pintura anticorrosiva multicapa, un dise\u00f1o estilizado, certificaci\u00f3n CE y funciones pr\u00e1cticas como arranque el\u00e9ctrico y controles delanteros, el HDEF30 EFI lo tiene todo: potencia, eficiencia y facilidad de uso.<\/p>\n<p><strong>Caracter\u00edsticas del Hidea HDEF30<\/strong><\/p>\n<ul>\n<li>Sistema de inyecci\u00f3n electr\u00f3nica (EFI) con ECU: mejor combusti\u00f3n, menor emisi\u00f3n y mayor eficiencia de combustible<\/li>\n<li>Ajuste preciso de \u201ctres altos\u201d: alta temperatura, fr\u00edo extremo y gran altitud, excelente adaptabilidad ambiental y rendimiento de arranque<\/li>\n<li>Tecnolog\u00eda anticorrosiva l\u00edder en la industria: gran resistencia al agua salada<\/li>\n<li>Equipado con maneta trasera multifuncional de gran tama\u00f1o para un manejo m\u00e1s f\u00e1cil<\/li>\n<li>Certificaciones CE de la UE y EPA de EE.UU.<\/li>\n<\/ul>\n","protected":false},"excerpt":{"rendered":"<p>El Hidea HDEF30 EFI ofrece el equilibrio perfecto entre portabilidad ligera, rendimiento fiable y ahorro de combustible en todos los rangos de velocidad.<\/p>\n","protected":false},"featured_media":212,"comment_status":"open","ping_status":"closed","template":"","meta":{"_acf_changed":false},"product_brand":[],"product_cat":[36,34,35],"product_tag":[],"class_list":{"0":"post-353","1":"product","2":"type-product","3":"status-publish","4":"has-post-thumbnail","6":"product_cat-motor-fueraborda-efi","7":"product_cat-pesca","8":"product_cat-recreo","11":"first","12":"instock","13":"shipping-taxable","14":"product-type-simple"},"acf":[],"yoast_head":"<!-- This site is optimized with the Yoast SEO plugin v25.0 - https:\/\/yoast.com\/wordpress\/plugins\/seo\/ -->\n<title>Motor fueraborda HDEF30 EFI | Hidea Espa\u00f1a | Distribuidor Oficial<\/title>\n<meta name=\"description\" content=\"Descubre el Hidea HDEF30 EFI, un motor fueraborda de 30CV con inyecci\u00f3n electr\u00f3nica para navegaci\u00f3n suave, potente y econ\u00f3mica.\" \/>\n<meta name=\"robots\" content=\"index, follow, max-snippet:-1, max-image-preview:large, max-video-preview:-1\" \/>\n<link rel=\"canonical\" href=\"https:\/\/cbbspainhidea.com\/es\/producto\/hdef30-efi-motor-fuera-de-borda\/\" \/>\n<meta property=\"og:locale\" content=\"es_ES\" \/>\n<meta property=\"og:type\" content=\"article\" \/>\n<meta property=\"og:title\" content=\"Motor fueraborda HDEF30 EFI | Hidea Espa\u00f1a | Distribuidor Oficial\" \/>\n<meta property=\"og:description\" content=\"Descubre el Hidea HDEF30 EFI, un motor fueraborda de 30CV con inyecci\u00f3n electr\u00f3nica para navegaci\u00f3n suave, potente y econ\u00f3mica.\" \/>\n<meta property=\"og:url\" content=\"https:\/\/cbbspainhidea.com\/es\/producto\/hdef30-efi-motor-fuera-de-borda\/\" \/>\n<meta property=\"og:site_name\" content=\"Hidea Spain - Official distributor\" \/>\n<meta property=\"article:modified_time\" content=\"2025-05-20T09:47:49+00:00\" \/>\n<meta property=\"og:image\" content=\"https:\/\/cbbspainhidea.com\/wp-content\/uploads\/2025\/05\/HIDEA-HDEF30HEL-\u9ed1\u53f3-1.jpg\" \/>\n\t<meta property=\"og:image:width\" content=\"310\" \/>\n\t<meta property=\"og:image:height\" content=\"551\" \/>\n\t<meta property=\"og:image:type\" content=\"image\/jpeg\" \/>\n<meta name=\"twitter:card\" content=\"summary_large_image\" \/>\n<meta name=\"twitter:label1\" content=\"Tiempo de lectura\" \/>\n\t<meta name=\"twitter:data1\" content=\"2 minutos\" \/>\n<script type=\"application\/ld+json\" class=\"yoast-schema-graph\">{\"@context\":\"https:\/\/schema.org\",\"@graph\":[{\"@type\":\"WebPage\",\"@id\":\"https:\/\/cbbspainhidea.com\/es\/producto\/hdef30-efi-motor-fuera-de-borda\/\",\"url\":\"https:\/\/cbbspainhidea.com\/es\/producto\/hdef30-efi-motor-fuera-de-borda\/\",\"name\":\"Motor fueraborda HDEF30 EFI | Hidea Espa\u00f1a | Distribuidor Oficial\",\"isPartOf\":{\"@id\":\"https:\/\/cbbspainhidea.com\/es\/#website\"},\"primaryImageOfPage\":{\"@id\":\"https:\/\/cbbspainhidea.com\/es\/producto\/hdef30-efi-motor-fuera-de-borda\/#primaryimage\"},\"image\":{\"@id\":\"https:\/\/cbbspainhidea.com\/es\/producto\/hdef30-efi-motor-fuera-de-borda\/#primaryimage\"},\"thumbnailUrl\":\"https:\/\/cbbspainhidea.com\/wp-content\/uploads\/2025\/05\/HIDEA-HDEF30HEL-\u9ed1\u53f3-1.jpg\",\"datePublished\":\"2025-05-08T15:01:49+00:00\",\"dateModified\":\"2025-05-20T09:47:49+00:00\",\"description\":\"Descubre el Hidea HDEF30 EFI, un motor fueraborda de 30CV con inyecci\u00f3n electr\u00f3nica para navegaci\u00f3n suave, potente y econ\u00f3mica.\",\"breadcrumb\":{\"@id\":\"https:\/\/cbbspainhidea.com\/es\/producto\/hdef30-efi-motor-fuera-de-borda\/#breadcrumb\"},\"inLanguage\":\"es\",\"potentialAction\":[{\"@type\":\"ReadAction\",\"target\":[\"https:\/\/cbbspainhidea.com\/es\/producto\/hdef30-efi-motor-fuera-de-borda\/\"]}]},{\"@type\":\"ImageObject\",\"inLanguage\":\"es\",\"@id\":\"https:\/\/cbbspainhidea.com\/es\/producto\/hdef30-efi-motor-fuera-de-borda\/#primaryimage\",\"url\":\"https:\/\/cbbspainhidea.com\/wp-content\/uploads\/2025\/05\/HIDEA-HDEF30HEL-\u9ed1\u53f3-1.jpg\",\"contentUrl\":\"https:\/\/cbbspainhidea.com\/wp-content\/uploads\/2025\/05\/HIDEA-HDEF30HEL-\u9ed1\u53f3-1.jpg\",\"width\":310,\"height\":551,\"caption\":\"Hidea HDF30 EFI outboard motor\"},{\"@type\":\"BreadcrumbList\",\"@id\":\"https:\/\/cbbspainhidea.com\/es\/producto\/hdef30-efi-motor-fuera-de-borda\/#breadcrumb\",\"itemListElement\":[{\"@type\":\"ListItem\",\"position\":1,\"name\":\"Home\",\"item\":\"https:\/\/cbbspainhidea.com\/es\/\"},{\"@type\":\"ListItem\",\"position\":2,\"name\":\"Selecci\u00f3n\",\"item\":\"https:\/\/cbbspainhidea.com\/es\/seleccion\/\"},{\"@type\":\"ListItem\",\"position\":3,\"name\":\"HDEF30\"}]},{\"@type\":\"WebSite\",\"@id\":\"https:\/\/cbbspainhidea.com\/es\/#website\",\"url\":\"https:\/\/cbbspainhidea.com\/es\/\",\"name\":\"Hidea Spain - Official distributor\",\"description\":\"\",\"publisher\":{\"@id\":\"https:\/\/cbbspainhidea.com\/es\/#organization\"},\"potentialAction\":[{\"@type\":\"SearchAction\",\"target\":{\"@type\":\"EntryPoint\",\"urlTemplate\":\"https:\/\/cbbspainhidea.com\/es\/?s={search_term_string}\"},\"query-input\":{\"@type\":\"PropertyValueSpecification\",\"valueRequired\":true,\"valueName\":\"search_term_string\"}}],\"inLanguage\":\"es\"},{\"@type\":\"Organization\",\"@id\":\"https:\/\/cbbspainhidea.com\/es\/#organization\",\"name\":\"Hidea Spain - Official distributor\",\"url\":\"https:\/\/cbbspainhidea.com\/es\/\",\"logo\":{\"@type\":\"ImageObject\",\"inLanguage\":\"es\",\"@id\":\"https:\/\/cbbspainhidea.com\/es\/#\/schema\/logo\/image\/\",\"url\":\"https:\/\/hideaspain.com\/wp-content\/uploads\/2025\/05\/logo.png\",\"contentUrl\":\"https:\/\/hideaspain.com\/wp-content\/uploads\/2025\/05\/logo.png\",\"width\":602,\"height\":134,\"caption\":\"Hidea Spain - Official distributor\"},\"image\":{\"@id\":\"https:\/\/cbbspainhidea.com\/es\/#\/schema\/logo\/image\/\"}}]}<\/script>\n<!-- \/ Yoast SEO plugin. -->","yoast_head_json":{"title":"Motor fueraborda HDEF30 EFI | Hidea Espa\u00f1a | Distribuidor Oficial","description":"Descubre el Hidea HDEF30 EFI, un motor fueraborda de 30CV con inyecci\u00f3n electr\u00f3nica para navegaci\u00f3n suave, potente y econ\u00f3mica.","robots":{"index":"index","follow":"follow","max-snippet":"max-snippet:-1","max-image-preview":"max-image-preview:large","max-video-preview":"max-video-preview:-1"},"canonical":"https:\/\/cbbspainhidea.com\/es\/producto\/hdef30-efi-motor-fuera-de-borda\/","og_locale":"es_ES","og_type":"article","og_title":"Motor fueraborda HDEF30 EFI | Hidea Espa\u00f1a | Distribuidor Oficial","og_description":"Descubre el Hidea HDEF30 EFI, un motor fueraborda de 30CV con inyecci\u00f3n electr\u00f3nica para navegaci\u00f3n suave, potente y econ\u00f3mica.","og_url":"https:\/\/cbbspainhidea.com\/es\/producto\/hdef30-efi-motor-fuera-de-borda\/","og_site_name":"Hidea Spain - Official distributor","article_modified_time":"2025-05-20T09:47:49+00:00","og_image":[{"width":310,"height":551,"url":"https:\/\/cbbspainhidea.com\/wp-content\/uploads\/2025\/05\/HIDEA-HDEF30HEL-\u9ed1\u53f3-1.jpg","type":"image\/jpeg"}],"twitter_card":"summary_large_image","twitter_misc":{"Tiempo de lectura":"2 minutos"},"schema":{"@context":"https:\/\/schema.org","@graph":[{"@type":"WebPage","@id":"https:\/\/cbbspainhidea.com\/es\/producto\/hdef30-efi-motor-fuera-de-borda\/","url":"https:\/\/cbbspainhidea.com\/es\/producto\/hdef30-efi-motor-fuera-de-borda\/","name":"Motor fueraborda HDEF30 EFI | Hidea Espa\u00f1a | Distribuidor Oficial","isPartOf":{"@id":"https:\/\/cbbspainhidea.com\/es\/#website"},"primaryImageOfPage":{"@id":"https:\/\/cbbspainhidea.com\/es\/producto\/hdef30-efi-motor-fuera-de-borda\/#primaryimage"},"image":{"@id":"https:\/\/cbbspainhidea.com\/es\/producto\/hdef30-efi-motor-fuera-de-borda\/#primaryimage"},"thumbnailUrl":"https:\/\/cbbspainhidea.com\/wp-content\/uploads\/2025\/05\/HIDEA-HDEF30HEL-\u9ed1\u53f3-1.jpg","datePublished":"2025-05-08T15:01:49+00:00","dateModified":"2025-05-20T09:47:49+00:00","description":"Descubre el Hidea HDEF30 EFI, un motor fueraborda de 30CV con inyecci\u00f3n electr\u00f3nica para navegaci\u00f3n suave, potente y econ\u00f3mica.","breadcrumb":{"@id":"https:\/\/cbbspainhidea.com\/es\/producto\/hdef30-efi-motor-fuera-de-borda\/#breadcrumb"},"inLanguage":"es","potentialAction":[{"@type":"ReadAction","target":["https:\/\/cbbspainhidea.com\/es\/producto\/hdef30-efi-motor-fuera-de-borda\/"]}]},{"@type":"ImageObject","inLanguage":"es","@id":"https:\/\/cbbspainhidea.com\/es\/producto\/hdef30-efi-motor-fuera-de-borda\/#primaryimage","url":"https:\/\/cbbspainhidea.com\/wp-content\/uploads\/2025\/05\/HIDEA-HDEF30HEL-\u9ed1\u53f3-1.jpg","contentUrl":"https:\/\/cbbspainhidea.com\/wp-content\/uploads\/2025\/05\/HIDEA-HDEF30HEL-\u9ed1\u53f3-1.jpg","width":310,"height":551,"caption":"Hidea HDF30 EFI outboard motor"},{"@type":"BreadcrumbList","@id":"https:\/\/cbbspainhidea.com\/es\/producto\/hdef30-efi-motor-fuera-de-borda\/#breadcrumb","itemListElement":[{"@type":"ListItem","position":1,"name":"Home","item":"https:\/\/cbbspainhidea.com\/es\/"},{"@type":"ListItem","position":2,"name":"Selecci\u00f3n","item":"https:\/\/cbbspainhidea.com\/es\/seleccion\/"},{"@type":"ListItem","position":3,"name":"HDEF30"}]},{"@type":"WebSite","@id":"https:\/\/cbbspainhidea.com\/es\/#website","url":"https:\/\/cbbspainhidea.com\/es\/","name":"Hidea Spain - Official distributor","description":"","publisher":{"@id":"https:\/\/cbbspainhidea.com\/es\/#organization"},"potentialAction":[{"@type":"SearchAction","target":{"@type":"EntryPoint","urlTemplate":"https:\/\/cbbspainhidea.com\/es\/?s={search_term_string}"},"query-input":{"@type":"PropertyValueSpecification","valueRequired":true,"valueName":"search_term_string"}}],"inLanguage":"es"},{"@type":"Organization","@id":"https:\/\/cbbspainhidea.com\/es\/#organization","name":"Hidea Spain - Official distributor","url":"https:\/\/cbbspainhidea.com\/es\/","logo":{"@type":"ImageObject","inLanguage":"es","@id":"https:\/\/cbbspainhidea.com\/es\/#\/schema\/logo\/image\/","url":"https:\/\/hideaspain.com\/wp-content\/uploads\/2025\/05\/logo.png","contentUrl":"https:\/\/hideaspain.com\/wp-content\/uploads\/2025\/05\/logo.png","width":602,"height":134,"caption":"Hidea Spain - Official distributor"},"image":{"@id":"https:\/\/cbbspainhidea.com\/es\/#\/schema\/logo\/image\/"}}]}},"_links":{"self":[{"href":"https:\/\/cbbspainhidea.com\/es\/wp-json\/wp\/v2\/product\/353","targetHints":{"allow":["GET"]}}],"collection":[{"href":"https:\/\/cbbspainhidea.com\/es\/wp-json\/wp\/v2\/product"}],"about":[{"href":"https:\/\/cbbspainhidea.com\/es\/wp-json\/wp\/v2\/types\/product"}],"replies":[{"embeddable":true,"href":"https:\/\/cbbspainhidea.com\/es\/wp-json\/wp\/v2\/comments?post=353"}],"wp:featuredmedia":[{"embeddable":true,"href":"https:\/\/cbbspainhidea.com\/es\/wp-json\/wp\/v2\/media\/212"}],"wp:attachment":[{"href":"https:\/\/cbbspainhidea.com\/es\/wp-json\/wp\/v2\/media?parent=353"}],"wp:term":[{"taxonomy":"product_brand","embeddable":true,"href":"https:\/\/cbbspainhidea.com\/es\/wp-json\/wp\/v2\/product_brand?post=353"},{"taxonomy":"product_cat","embeddable":true,"href":"https:\/\/cbbspainhidea.com\/es\/wp-json\/wp\/v2\/product_cat?post=353"},{"taxonomy":"product_tag","embeddable":true,"href":"https:\/\/cbbspainhidea.com\/es\/wp-json\/wp\/v2\/product_tag?post=353"}],"curies":[{"name":"wp","href":"https:\/\/api.w.org\/{rel}","templated":true}]}}