{"id":349,"date":"2025-05-09T08:03:39","date_gmt":"2025-05-09T08:03:39","guid":{"rendered":"https:\/\/hideaspain.com\/product\/hdf20-outboard-motor\/"},"modified":"2025-05-20T09:53:59","modified_gmt":"2025-05-20T09:53:59","slug":"hdf20-motor-fuera-de-borda","status":"publish","type":"product","link":"https:\/\/cbbspainhidea.com\/es\/producto\/hdf20-motor-fuera-de-borda\/","title":{"rendered":"HDF20"},"content":{"rendered":"<p class=\"\" data-start=\"94\" data-end=\"528\">El Hidea HDF20 ofrece el equilibrio perfecto entre potencia y portabilidad. Ligero pero resistente, este fuera borda de 20HP y 4 tiempos proporciona un rendimiento suave y una operaci\u00f3n fiable para una amplia variedad de necesidades n\u00e1uticas. Ideal para embarcaciones peque\u00f1as, este modelo ofrece la potencia confiable que esperas de Hidea\u2014junto con bajo mantenimiento, excelente eficiencia de combustible y durabilidad a largo plazo.<\/p>\n<p class=\"\" data-start=\"530\" data-end=\"737\">Disponible exclusivamente con mando a ca\u00f1a y bater\u00eda de arranque el\u00e9ctrico incorporada, el HDF20 se ofrece en versiones de eje corto y largo. Para modelos con mando a distancia, consulta la serie HDEF20 EFI.<\/p>\n<p class=\"\" data-start=\"739\" data-end=\"1006\">Repleto de funciones inteligentes como encendido digital CD, alternador de gran capacidad y pintura anticorrosi\u00f3n de seis capas, el HDF20 est\u00e1 dise\u00f1ado para que cada salida sea m\u00e1s suave, f\u00e1cil y agradable. Cuando quieres rendimiento sin concesiones, el HDF20 cumple.<\/p>\n<p><strong>Caracter\u00edsticas del Hidea HDF20<\/strong><\/p>\n<ul>\n<li>Encendido digital CD para un arranque m\u00e1s f\u00e1cil, mejor respuesta del acelerador y funcionamiento m\u00e1s suave al ralent\u00ed<\/li>\n<li>Arranque manual con carrete de mayor tama\u00f1o para un encendido r\u00e1pido y sencillo<\/li>\n<li>Alternador y rectificador de gran capacidad para una mejor carga de bater\u00eda<\/li>\n<li>Palanca de cambios montada en la parte frontal para un manejo m\u00e1s c\u00f3modo<\/li>\n<li>Disponible con control remoto<\/li>\n<li>Sistema para navegaci\u00f3n en aguas poco profundas<\/li>\n<li>Fricci\u00f3n de direcci\u00f3n ajustable para reducir el esfuerzo al maniobrar<\/li>\n<li>\u00a1Ligero y compacto!<\/li>\n<li>Admisi\u00f3n cruzada avanzada para un funcionamiento fluido<\/li>\n<li>Aut\u00e9ntico sistema de seis capas de pintura para una excelente resistencia a la corrosi\u00f3n<\/li>\n<li>Certificaciones EU, CE y EPA<\/li>\n<\/ul>\n","protected":false},"excerpt":{"rendered":"<p>Potente pero ligero, el Hidea HDF20 ofrece el m\u00e1ximo rendimiento en un formato port\u00e1til. Sus 20HP lo convierten en una excelente opci\u00f3n para muchos navegantes.<\/p>\n","protected":false},"featured_media":215,"comment_status":"open","ping_status":"closed","template":"","meta":{"_acf_changed":false},"product_brand":[],"product_cat":[32,34,35],"product_tag":[],"class_list":{"0":"post-349","1":"product","2":"type-product","3":"status-publish","4":"has-post-thumbnail","6":"product_cat-motor-fueraborda-de-cuatro-tiempos","7":"product_cat-pesca","8":"product_cat-recreo","11":"first","12":"instock","13":"shipping-taxable","14":"product-type-simple"},"acf":[],"yoast_head":"<!-- This site is optimized with the Yoast SEO plugin v25.0 - https:\/\/yoast.com\/wordpress\/plugins\/seo\/ -->\n<title>Motor fueraborda HDF20 | Hidea Espa\u00f1a | Distribuidor Oficial<\/title>\n<meta name=\"description\" content=\"El Hidea HDF20 es un motor fueraborda fiable de 20CV con arranque suave y consumo eficiente, ideal para salidas en barco recreativas.\" \/>\n<meta name=\"robots\" content=\"index, follow, max-snippet:-1, max-image-preview:large, max-video-preview:-1\" \/>\n<link rel=\"canonical\" href=\"https:\/\/cbbspainhidea.com\/es\/producto\/hdf20-motor-fuera-de-borda\/\" \/>\n<meta property=\"og:locale\" content=\"es_ES\" \/>\n<meta property=\"og:type\" content=\"article\" \/>\n<meta property=\"og:title\" content=\"Motor fueraborda HDF20 | Hidea Espa\u00f1a | Distribuidor Oficial\" \/>\n<meta property=\"og:description\" content=\"El Hidea HDF20 es un motor fueraborda fiable de 20CV con arranque suave y consumo eficiente, ideal para salidas en barco recreativas.\" \/>\n<meta property=\"og:url\" content=\"https:\/\/cbbspainhidea.com\/es\/producto\/hdf20-motor-fuera-de-borda\/\" \/>\n<meta property=\"og:site_name\" content=\"Hidea Spain - Official distributor\" \/>\n<meta property=\"article:modified_time\" content=\"2025-05-20T09:53:59+00:00\" \/>\n<meta property=\"og:image\" content=\"https:\/\/cbbspainhidea.com\/wp-content\/uploads\/2025\/05\/HIDEA-HD20FHS-\u9ed1\u5de6.jpg\" \/>\n\t<meta property=\"og:image:width\" content=\"386\" \/>\n\t<meta property=\"og:image:height\" content=\"551\" \/>\n\t<meta property=\"og:image:type\" content=\"image\/jpeg\" \/>\n<meta name=\"twitter:card\" content=\"summary_large_image\" \/>\n<meta name=\"twitter:label1\" content=\"Tiempo de lectura\" \/>\n\t<meta name=\"twitter:data1\" content=\"2 minutos\" \/>\n<script type=\"application\/ld+json\" class=\"yoast-schema-graph\">{\"@context\":\"https:\/\/schema.org\",\"@graph\":[{\"@type\":\"WebPage\",\"@id\":\"https:\/\/cbbspainhidea.com\/es\/producto\/hdf20-motor-fuera-de-borda\/\",\"url\":\"https:\/\/cbbspainhidea.com\/es\/producto\/hdf20-motor-fuera-de-borda\/\",\"name\":\"Motor fueraborda HDF20 | Hidea Espa\u00f1a | Distribuidor Oficial\",\"isPartOf\":{\"@id\":\"https:\/\/cbbspainhidea.com\/es\/#website\"},\"primaryImageOfPage\":{\"@id\":\"https:\/\/cbbspainhidea.com\/es\/producto\/hdf20-motor-fuera-de-borda\/#primaryimage\"},\"image\":{\"@id\":\"https:\/\/cbbspainhidea.com\/es\/producto\/hdf20-motor-fuera-de-borda\/#primaryimage\"},\"thumbnailUrl\":\"https:\/\/cbbspainhidea.com\/wp-content\/uploads\/2025\/05\/HIDEA-HD20FHS-\u9ed1\u5de6.jpg\",\"datePublished\":\"2025-05-09T08:03:39+00:00\",\"dateModified\":\"2025-05-20T09:53:59+00:00\",\"description\":\"El Hidea HDF20 es un motor fueraborda fiable de 20CV con arranque suave y consumo eficiente, ideal para salidas en barco recreativas.\",\"breadcrumb\":{\"@id\":\"https:\/\/cbbspainhidea.com\/es\/producto\/hdf20-motor-fuera-de-borda\/#breadcrumb\"},\"inLanguage\":\"es\",\"potentialAction\":[{\"@type\":\"ReadAction\",\"target\":[\"https:\/\/cbbspainhidea.com\/es\/producto\/hdf20-motor-fuera-de-borda\/\"]}]},{\"@type\":\"ImageObject\",\"inLanguage\":\"es\",\"@id\":\"https:\/\/cbbspainhidea.com\/es\/producto\/hdf20-motor-fuera-de-borda\/#primaryimage\",\"url\":\"https:\/\/cbbspainhidea.com\/wp-content\/uploads\/2025\/05\/HIDEA-HD20FHS-\u9ed1\u5de6.jpg\",\"contentUrl\":\"https:\/\/cbbspainhidea.com\/wp-content\/uploads\/2025\/05\/HIDEA-HD20FHS-\u9ed1\u5de6.jpg\",\"width\":386,\"height\":551,\"caption\":\"Hidea HDF20 outboard motor\"},{\"@type\":\"BreadcrumbList\",\"@id\":\"https:\/\/cbbspainhidea.com\/es\/producto\/hdf20-motor-fuera-de-borda\/#breadcrumb\",\"itemListElement\":[{\"@type\":\"ListItem\",\"position\":1,\"name\":\"Home\",\"item\":\"https:\/\/cbbspainhidea.com\/es\/\"},{\"@type\":\"ListItem\",\"position\":2,\"name\":\"Selecci\u00f3n\",\"item\":\"https:\/\/cbbspainhidea.com\/es\/seleccion\/\"},{\"@type\":\"ListItem\",\"position\":3,\"name\":\"HDF20\"}]},{\"@type\":\"WebSite\",\"@id\":\"https:\/\/cbbspainhidea.com\/es\/#website\",\"url\":\"https:\/\/cbbspainhidea.com\/es\/\",\"name\":\"Hidea Spain - Official distributor\",\"description\":\"\",\"publisher\":{\"@id\":\"https:\/\/cbbspainhidea.com\/es\/#organization\"},\"potentialAction\":[{\"@type\":\"SearchAction\",\"target\":{\"@type\":\"EntryPoint\",\"urlTemplate\":\"https:\/\/cbbspainhidea.com\/es\/?s={search_term_string}\"},\"query-input\":{\"@type\":\"PropertyValueSpecification\",\"valueRequired\":true,\"valueName\":\"search_term_string\"}}],\"inLanguage\":\"es\"},{\"@type\":\"Organization\",\"@id\":\"https:\/\/cbbspainhidea.com\/es\/#organization\",\"name\":\"Hidea Spain - Official distributor\",\"url\":\"https:\/\/cbbspainhidea.com\/es\/\",\"logo\":{\"@type\":\"ImageObject\",\"inLanguage\":\"es\",\"@id\":\"https:\/\/cbbspainhidea.com\/es\/#\/schema\/logo\/image\/\",\"url\":\"https:\/\/hideaspain.com\/wp-content\/uploads\/2025\/05\/logo.png\",\"contentUrl\":\"https:\/\/hideaspain.com\/wp-content\/uploads\/2025\/05\/logo.png\",\"width\":602,\"height\":134,\"caption\":\"Hidea Spain - Official distributor\"},\"image\":{\"@id\":\"https:\/\/cbbspainhidea.com\/es\/#\/schema\/logo\/image\/\"}}]}<\/script>\n<!-- \/ Yoast SEO plugin. -->","yoast_head_json":{"title":"Motor fueraborda HDF20 | Hidea Espa\u00f1a | Distribuidor Oficial","description":"El Hidea HDF20 es un motor fueraborda fiable de 20CV con arranque suave y consumo eficiente, ideal para salidas en barco recreativas.","robots":{"index":"index","follow":"follow","max-snippet":"max-snippet:-1","max-image-preview":"max-image-preview:large","max-video-preview":"max-video-preview:-1"},"canonical":"https:\/\/cbbspainhidea.com\/es\/producto\/hdf20-motor-fuera-de-borda\/","og_locale":"es_ES","og_type":"article","og_title":"Motor fueraborda HDF20 | Hidea Espa\u00f1a | Distribuidor Oficial","og_description":"El Hidea HDF20 es un motor fueraborda fiable de 20CV con arranque suave y consumo eficiente, ideal para salidas en barco recreativas.","og_url":"https:\/\/cbbspainhidea.com\/es\/producto\/hdf20-motor-fuera-de-borda\/","og_site_name":"Hidea Spain - Official distributor","article_modified_time":"2025-05-20T09:53:59+00:00","og_image":[{"width":386,"height":551,"url":"https:\/\/cbbspainhidea.com\/wp-content\/uploads\/2025\/05\/HIDEA-HD20FHS-\u9ed1\u5de6.jpg","type":"image\/jpeg"}],"twitter_card":"summary_large_image","twitter_misc":{"Tiempo de lectura":"2 minutos"},"schema":{"@context":"https:\/\/schema.org","@graph":[{"@type":"WebPage","@id":"https:\/\/cbbspainhidea.com\/es\/producto\/hdf20-motor-fuera-de-borda\/","url":"https:\/\/cbbspainhidea.com\/es\/producto\/hdf20-motor-fuera-de-borda\/","name":"Motor fueraborda HDF20 | Hidea Espa\u00f1a | Distribuidor Oficial","isPartOf":{"@id":"https:\/\/cbbspainhidea.com\/es\/#website"},"primaryImageOfPage":{"@id":"https:\/\/cbbspainhidea.com\/es\/producto\/hdf20-motor-fuera-de-borda\/#primaryimage"},"image":{"@id":"https:\/\/cbbspainhidea.com\/es\/producto\/hdf20-motor-fuera-de-borda\/#primaryimage"},"thumbnailUrl":"https:\/\/cbbspainhidea.com\/wp-content\/uploads\/2025\/05\/HIDEA-HD20FHS-\u9ed1\u5de6.jpg","datePublished":"2025-05-09T08:03:39+00:00","dateModified":"2025-05-20T09:53:59+00:00","description":"El Hidea HDF20 es un motor fueraborda fiable de 20CV con arranque suave y consumo eficiente, ideal para salidas en barco recreativas.","breadcrumb":{"@id":"https:\/\/cbbspainhidea.com\/es\/producto\/hdf20-motor-fuera-de-borda\/#breadcrumb"},"inLanguage":"es","potentialAction":[{"@type":"ReadAction","target":["https:\/\/cbbspainhidea.com\/es\/producto\/hdf20-motor-fuera-de-borda\/"]}]},{"@type":"ImageObject","inLanguage":"es","@id":"https:\/\/cbbspainhidea.com\/es\/producto\/hdf20-motor-fuera-de-borda\/#primaryimage","url":"https:\/\/cbbspainhidea.com\/wp-content\/uploads\/2025\/05\/HIDEA-HD20FHS-\u9ed1\u5de6.jpg","contentUrl":"https:\/\/cbbspainhidea.com\/wp-content\/uploads\/2025\/05\/HIDEA-HD20FHS-\u9ed1\u5de6.jpg","width":386,"height":551,"caption":"Hidea HDF20 outboard motor"},{"@type":"BreadcrumbList","@id":"https:\/\/cbbspainhidea.com\/es\/producto\/hdf20-motor-fuera-de-borda\/#breadcrumb","itemListElement":[{"@type":"ListItem","position":1,"name":"Home","item":"https:\/\/cbbspainhidea.com\/es\/"},{"@type":"ListItem","position":2,"name":"Selecci\u00f3n","item":"https:\/\/cbbspainhidea.com\/es\/seleccion\/"},{"@type":"ListItem","position":3,"name":"HDF20"}]},{"@type":"WebSite","@id":"https:\/\/cbbspainhidea.com\/es\/#website","url":"https:\/\/cbbspainhidea.com\/es\/","name":"Hidea Spain - Official distributor","description":"","publisher":{"@id":"https:\/\/cbbspainhidea.com\/es\/#organization"},"potentialAction":[{"@type":"SearchAction","target":{"@type":"EntryPoint","urlTemplate":"https:\/\/cbbspainhidea.com\/es\/?s={search_term_string}"},"query-input":{"@type":"PropertyValueSpecification","valueRequired":true,"valueName":"search_term_string"}}],"inLanguage":"es"},{"@type":"Organization","@id":"https:\/\/cbbspainhidea.com\/es\/#organization","name":"Hidea Spain - Official distributor","url":"https:\/\/cbbspainhidea.com\/es\/","logo":{"@type":"ImageObject","inLanguage":"es","@id":"https:\/\/cbbspainhidea.com\/es\/#\/schema\/logo\/image\/","url":"https:\/\/hideaspain.com\/wp-content\/uploads\/2025\/05\/logo.png","contentUrl":"https:\/\/hideaspain.com\/wp-content\/uploads\/2025\/05\/logo.png","width":602,"height":134,"caption":"Hidea Spain - Official distributor"},"image":{"@id":"https:\/\/cbbspainhidea.com\/es\/#\/schema\/logo\/image\/"}}]}},"_links":{"self":[{"href":"https:\/\/cbbspainhidea.com\/es\/wp-json\/wp\/v2\/product\/349","targetHints":{"allow":["GET"]}}],"collection":[{"href":"https:\/\/cbbspainhidea.com\/es\/wp-json\/wp\/v2\/product"}],"about":[{"href":"https:\/\/cbbspainhidea.com\/es\/wp-json\/wp\/v2\/types\/product"}],"replies":[{"embeddable":true,"href":"https:\/\/cbbspainhidea.com\/es\/wp-json\/wp\/v2\/comments?post=349"}],"wp:featuredmedia":[{"embeddable":true,"href":"https:\/\/cbbspainhidea.com\/es\/wp-json\/wp\/v2\/media\/215"}],"wp:attachment":[{"href":"https:\/\/cbbspainhidea.com\/es\/wp-json\/wp\/v2\/media?parent=349"}],"wp:term":[{"taxonomy":"product_brand","embeddable":true,"href":"https:\/\/cbbspainhidea.com\/es\/wp-json\/wp\/v2\/product_brand?post=349"},{"taxonomy":"product_cat","embeddable":true,"href":"https:\/\/cbbspainhidea.com\/es\/wp-json\/wp\/v2\/product_cat?post=349"},{"taxonomy":"product_tag","embeddable":true,"href":"https:\/\/cbbspainhidea.com\/es\/wp-json\/wp\/v2\/product_tag?post=349"}],"curies":[{"name":"wp","href":"https:\/\/api.w.org\/{rel}","templated":true}]}}