{"id":346,"date":"2025-05-09T08:40:48","date_gmt":"2025-05-09T08:40:48","guid":{"rendered":"https:\/\/hideaspain.com\/product\/hdf15-outboard-motor\/"},"modified":"2025-05-20T09:57:10","modified_gmt":"2025-05-20T09:57:10","slug":"hdf15-motor-fuera-de-borda","status":"publish","type":"product","link":"https:\/\/cbbspainhidea.com\/es\/producto\/hdf15-motor-fuera-de-borda\/","title":{"rendered":"HDF15"},"content":{"rendered":"<p class=\"\" data-start=\"182\" data-end=\"527\">En Hidea, damos lo mejor de nosotros para ofrecerte el mejor motor posible. Por eso hemos tomado nuestro confiable fuera borda de 15HP y lo hemos mejorado a\u00fan m\u00e1s. El HDF15 ahora cuenta con mayor cilindrada y soportes de motor renovados para una operaci\u00f3n m\u00e1s suave y potente, sin perder la fiabilidad que ha construido nuestra reputaci\u00f3n.<\/p>\n<p class=\"\" data-start=\"529\" data-end=\"785\">Ya sea que prefieras el control por ca\u00f1a o busques la comodidad de un modelo con mando a distancia y acelerador remoto, el HDF15 ofrece un rendimiento excepcional y un manejo intuitivo. Y con el arranque el\u00e9ctrico, ponerlo en marcha es m\u00e1s f\u00e1cil que nunca.<\/p>\n<p class=\"\" data-start=\"787\" data-end=\"999\">Dise\u00f1ado para ofrecer durabilidad y un funcionamiento fluido, el HDF15 es el compa\u00f1ero perfecto para embarcaciones peque\u00f1as, salidas de pesca o paseos recreativos. Ll\u00e9valo al l\u00edmite\u2014te alegrar\u00e1s de haberlo hecho.<\/p>\n<p><strong>Caracter\u00edsticas del Hidea HDF15<\/strong><\/p>\n<ul>\n<li>Encendido digital CD para un arranque m\u00e1s f\u00e1cil, mejor respuesta del acelerador y ralent\u00ed m\u00e1s estable<\/li>\n<li>Arranque manual con carrete de mayor tama\u00f1o para facilitar el encendido<\/li>\n<li>Alternador y rectificador de gran capacidad para una mejor carga de bater\u00eda<\/li>\n<li>Palanca de cambios montada al frente para un manejo m\u00e1s c\u00f3modo<\/li>\n<li>Disponibles modelos con mando a distancia<\/li>\n<li>Sistema de refrigeraci\u00f3n controlado por termostato para mantener una temperatura constante<\/li>\n<li>Revestimiento de acero inoxidable en la carcasa de la bomba de agua para mayor durabilidad<\/li>\n<li>Aleaci\u00f3n de aluminio marino de alta calidad para una protecci\u00f3n superior contra la corrosi\u00f3n<\/li>\n<li>Fricci\u00f3n de direcci\u00f3n ajustable para reducir el esfuerzo al maniobrar<\/li>\n<li>Inducci\u00f3n cruzada avanzada para un funcionamiento m\u00e1s suave<\/li>\n<li>Seis capas reales de pintura, excelente resistencia a la corrosi\u00f3n<\/li>\n<li>Certificaciones CE de la UE y de la Sociedad de Clasificaci\u00f3n de China (CCS)<\/li>\n<\/ul>\n","protected":false},"excerpt":{"rendered":"<p>El HDF15 ofrece mayor cilindrada y soportes mejorados para un funcionamiento m\u00e1s suave y potente, sin perder la fiabilidad que nos caracteriza.<\/p>\n","protected":false},"featured_media":216,"comment_status":"open","ping_status":"closed","template":"","meta":{"_acf_changed":false},"product_brand":[],"product_cat":[32,34,35],"product_tag":[],"class_list":{"0":"post-346","1":"product","2":"type-product","3":"status-publish","4":"has-post-thumbnail","6":"product_cat-motor-fueraborda-de-cuatro-tiempos","7":"product_cat-pesca","8":"product_cat-recreo","11":"first","12":"instock","13":"shipping-taxable","14":"product-type-simple"},"acf":[],"yoast_head":"<!-- This site is optimized with the Yoast SEO plugin v25.0 - https:\/\/yoast.com\/wordpress\/plugins\/seo\/ -->\n<title>Motor fueraborda HDF15 | Hidea Espa\u00f1a | Distribuidor Oficial<\/title>\n<meta name=\"description\" content=\"Potente, compacto y eficiente: el Hidea motor fueraborda HDF15 de 15CV es ideal para embarcaciones ligeras y actividades costeras.\" \/>\n<meta name=\"robots\" content=\"index, follow, max-snippet:-1, max-image-preview:large, max-video-preview:-1\" \/>\n<link rel=\"canonical\" href=\"https:\/\/cbbspainhidea.com\/es\/producto\/hdf15-motor-fuera-de-borda\/\" \/>\n<meta property=\"og:locale\" content=\"es_ES\" \/>\n<meta property=\"og:type\" content=\"article\" \/>\n<meta property=\"og:title\" content=\"Motor fueraborda HDF15 | Hidea Espa\u00f1a | Distribuidor Oficial\" \/>\n<meta property=\"og:description\" content=\"Potente, compacto y eficiente: el Hidea motor fueraborda HDF15 de 15CV es ideal para embarcaciones ligeras y actividades costeras.\" \/>\n<meta property=\"og:url\" content=\"https:\/\/cbbspainhidea.com\/es\/producto\/hdf15-motor-fuera-de-borda\/\" \/>\n<meta property=\"og:site_name\" content=\"Hidea Spain - Official distributor\" \/>\n<meta property=\"article:modified_time\" content=\"2025-05-20T09:57:10+00:00\" \/>\n<meta property=\"og:image\" content=\"https:\/\/cbbspainhidea.com\/wp-content\/uploads\/2025\/05\/HIDEA-HD15FHS-\u9ed2\u5de6\u526f\u672c.jpg\" \/>\n\t<meta property=\"og:image:width\" content=\"406\" \/>\n\t<meta property=\"og:image:height\" content=\"551\" \/>\n\t<meta property=\"og:image:type\" content=\"image\/jpeg\" \/>\n<meta name=\"twitter:card\" content=\"summary_large_image\" \/>\n<meta name=\"twitter:label1\" content=\"Tiempo de lectura\" \/>\n\t<meta name=\"twitter:data1\" content=\"2 minutos\" \/>\n<script type=\"application\/ld+json\" class=\"yoast-schema-graph\">{\"@context\":\"https:\/\/schema.org\",\"@graph\":[{\"@type\":\"WebPage\",\"@id\":\"https:\/\/cbbspainhidea.com\/es\/producto\/hdf15-motor-fuera-de-borda\/\",\"url\":\"https:\/\/cbbspainhidea.com\/es\/producto\/hdf15-motor-fuera-de-borda\/\",\"name\":\"Motor fueraborda HDF15 | Hidea Espa\u00f1a | Distribuidor Oficial\",\"isPartOf\":{\"@id\":\"https:\/\/cbbspainhidea.com\/es\/#website\"},\"primaryImageOfPage\":{\"@id\":\"https:\/\/cbbspainhidea.com\/es\/producto\/hdf15-motor-fuera-de-borda\/#primaryimage\"},\"image\":{\"@id\":\"https:\/\/cbbspainhidea.com\/es\/producto\/hdf15-motor-fuera-de-borda\/#primaryimage\"},\"thumbnailUrl\":\"https:\/\/cbbspainhidea.com\/wp-content\/uploads\/2025\/05\/HIDEA-HD15FHS-\u9ed2\u5de6\u526f\u672c.jpg\",\"datePublished\":\"2025-05-09T08:40:48+00:00\",\"dateModified\":\"2025-05-20T09:57:10+00:00\",\"description\":\"Potente, compacto y eficiente: el Hidea motor fueraborda HDF15 de 15CV es ideal para embarcaciones ligeras y actividades costeras.\",\"breadcrumb\":{\"@id\":\"https:\/\/cbbspainhidea.com\/es\/producto\/hdf15-motor-fuera-de-borda\/#breadcrumb\"},\"inLanguage\":\"es\",\"potentialAction\":[{\"@type\":\"ReadAction\",\"target\":[\"https:\/\/cbbspainhidea.com\/es\/producto\/hdf15-motor-fuera-de-borda\/\"]}]},{\"@type\":\"ImageObject\",\"inLanguage\":\"es\",\"@id\":\"https:\/\/cbbspainhidea.com\/es\/producto\/hdf15-motor-fuera-de-borda\/#primaryimage\",\"url\":\"https:\/\/cbbspainhidea.com\/wp-content\/uploads\/2025\/05\/HIDEA-HD15FHS-\u9ed2\u5de6\u526f\u672c.jpg\",\"contentUrl\":\"https:\/\/cbbspainhidea.com\/wp-content\/uploads\/2025\/05\/HIDEA-HD15FHS-\u9ed2\u5de6\u526f\u672c.jpg\",\"width\":406,\"height\":551,\"caption\":\"Hidea Spain HDF15 outboard motor\"},{\"@type\":\"BreadcrumbList\",\"@id\":\"https:\/\/cbbspainhidea.com\/es\/producto\/hdf15-motor-fuera-de-borda\/#breadcrumb\",\"itemListElement\":[{\"@type\":\"ListItem\",\"position\":1,\"name\":\"Home\",\"item\":\"https:\/\/cbbspainhidea.com\/es\/\"},{\"@type\":\"ListItem\",\"position\":2,\"name\":\"Selecci\u00f3n\",\"item\":\"https:\/\/cbbspainhidea.com\/es\/seleccion\/\"},{\"@type\":\"ListItem\",\"position\":3,\"name\":\"HDF15\"}]},{\"@type\":\"WebSite\",\"@id\":\"https:\/\/cbbspainhidea.com\/es\/#website\",\"url\":\"https:\/\/cbbspainhidea.com\/es\/\",\"name\":\"Hidea Spain - Official distributor\",\"description\":\"\",\"publisher\":{\"@id\":\"https:\/\/cbbspainhidea.com\/es\/#organization\"},\"potentialAction\":[{\"@type\":\"SearchAction\",\"target\":{\"@type\":\"EntryPoint\",\"urlTemplate\":\"https:\/\/cbbspainhidea.com\/es\/?s={search_term_string}\"},\"query-input\":{\"@type\":\"PropertyValueSpecification\",\"valueRequired\":true,\"valueName\":\"search_term_string\"}}],\"inLanguage\":\"es\"},{\"@type\":\"Organization\",\"@id\":\"https:\/\/cbbspainhidea.com\/es\/#organization\",\"name\":\"Hidea Spain - Official distributor\",\"url\":\"https:\/\/cbbspainhidea.com\/es\/\",\"logo\":{\"@type\":\"ImageObject\",\"inLanguage\":\"es\",\"@id\":\"https:\/\/cbbspainhidea.com\/es\/#\/schema\/logo\/image\/\",\"url\":\"https:\/\/hideaspain.com\/wp-content\/uploads\/2025\/05\/logo.png\",\"contentUrl\":\"https:\/\/hideaspain.com\/wp-content\/uploads\/2025\/05\/logo.png\",\"width\":602,\"height\":134,\"caption\":\"Hidea Spain - Official distributor\"},\"image\":{\"@id\":\"https:\/\/cbbspainhidea.com\/es\/#\/schema\/logo\/image\/\"}}]}<\/script>\n<!-- \/ Yoast SEO plugin. -->","yoast_head_json":{"title":"Motor fueraborda HDF15 | Hidea Espa\u00f1a | Distribuidor Oficial","description":"Potente, compacto y eficiente: el Hidea motor fueraborda HDF15 de 15CV es ideal para embarcaciones ligeras y actividades costeras.","robots":{"index":"index","follow":"follow","max-snippet":"max-snippet:-1","max-image-preview":"max-image-preview:large","max-video-preview":"max-video-preview:-1"},"canonical":"https:\/\/cbbspainhidea.com\/es\/producto\/hdf15-motor-fuera-de-borda\/","og_locale":"es_ES","og_type":"article","og_title":"Motor fueraborda HDF15 | Hidea Espa\u00f1a | Distribuidor Oficial","og_description":"Potente, compacto y eficiente: el Hidea motor fueraborda HDF15 de 15CV es ideal para embarcaciones ligeras y actividades costeras.","og_url":"https:\/\/cbbspainhidea.com\/es\/producto\/hdf15-motor-fuera-de-borda\/","og_site_name":"Hidea Spain - Official distributor","article_modified_time":"2025-05-20T09:57:10+00:00","og_image":[{"width":406,"height":551,"url":"https:\/\/cbbspainhidea.com\/wp-content\/uploads\/2025\/05\/HIDEA-HD15FHS-\u9ed2\u5de6\u526f\u672c.jpg","type":"image\/jpeg"}],"twitter_card":"summary_large_image","twitter_misc":{"Tiempo de lectura":"2 minutos"},"schema":{"@context":"https:\/\/schema.org","@graph":[{"@type":"WebPage","@id":"https:\/\/cbbspainhidea.com\/es\/producto\/hdf15-motor-fuera-de-borda\/","url":"https:\/\/cbbspainhidea.com\/es\/producto\/hdf15-motor-fuera-de-borda\/","name":"Motor fueraborda HDF15 | Hidea Espa\u00f1a | Distribuidor Oficial","isPartOf":{"@id":"https:\/\/cbbspainhidea.com\/es\/#website"},"primaryImageOfPage":{"@id":"https:\/\/cbbspainhidea.com\/es\/producto\/hdf15-motor-fuera-de-borda\/#primaryimage"},"image":{"@id":"https:\/\/cbbspainhidea.com\/es\/producto\/hdf15-motor-fuera-de-borda\/#primaryimage"},"thumbnailUrl":"https:\/\/cbbspainhidea.com\/wp-content\/uploads\/2025\/05\/HIDEA-HD15FHS-\u9ed2\u5de6\u526f\u672c.jpg","datePublished":"2025-05-09T08:40:48+00:00","dateModified":"2025-05-20T09:57:10+00:00","description":"Potente, compacto y eficiente: el Hidea motor fueraborda HDF15 de 15CV es ideal para embarcaciones ligeras y actividades costeras.","breadcrumb":{"@id":"https:\/\/cbbspainhidea.com\/es\/producto\/hdf15-motor-fuera-de-borda\/#breadcrumb"},"inLanguage":"es","potentialAction":[{"@type":"ReadAction","target":["https:\/\/cbbspainhidea.com\/es\/producto\/hdf15-motor-fuera-de-borda\/"]}]},{"@type":"ImageObject","inLanguage":"es","@id":"https:\/\/cbbspainhidea.com\/es\/producto\/hdf15-motor-fuera-de-borda\/#primaryimage","url":"https:\/\/cbbspainhidea.com\/wp-content\/uploads\/2025\/05\/HIDEA-HD15FHS-\u9ed2\u5de6\u526f\u672c.jpg","contentUrl":"https:\/\/cbbspainhidea.com\/wp-content\/uploads\/2025\/05\/HIDEA-HD15FHS-\u9ed2\u5de6\u526f\u672c.jpg","width":406,"height":551,"caption":"Hidea Spain HDF15 outboard motor"},{"@type":"BreadcrumbList","@id":"https:\/\/cbbspainhidea.com\/es\/producto\/hdf15-motor-fuera-de-borda\/#breadcrumb","itemListElement":[{"@type":"ListItem","position":1,"name":"Home","item":"https:\/\/cbbspainhidea.com\/es\/"},{"@type":"ListItem","position":2,"name":"Selecci\u00f3n","item":"https:\/\/cbbspainhidea.com\/es\/seleccion\/"},{"@type":"ListItem","position":3,"name":"HDF15"}]},{"@type":"WebSite","@id":"https:\/\/cbbspainhidea.com\/es\/#website","url":"https:\/\/cbbspainhidea.com\/es\/","name":"Hidea Spain - Official distributor","description":"","publisher":{"@id":"https:\/\/cbbspainhidea.com\/es\/#organization"},"potentialAction":[{"@type":"SearchAction","target":{"@type":"EntryPoint","urlTemplate":"https:\/\/cbbspainhidea.com\/es\/?s={search_term_string}"},"query-input":{"@type":"PropertyValueSpecification","valueRequired":true,"valueName":"search_term_string"}}],"inLanguage":"es"},{"@type":"Organization","@id":"https:\/\/cbbspainhidea.com\/es\/#organization","name":"Hidea Spain - Official distributor","url":"https:\/\/cbbspainhidea.com\/es\/","logo":{"@type":"ImageObject","inLanguage":"es","@id":"https:\/\/cbbspainhidea.com\/es\/#\/schema\/logo\/image\/","url":"https:\/\/hideaspain.com\/wp-content\/uploads\/2025\/05\/logo.png","contentUrl":"https:\/\/hideaspain.com\/wp-content\/uploads\/2025\/05\/logo.png","width":602,"height":134,"caption":"Hidea Spain - Official distributor"},"image":{"@id":"https:\/\/cbbspainhidea.com\/es\/#\/schema\/logo\/image\/"}}]}},"_links":{"self":[{"href":"https:\/\/cbbspainhidea.com\/es\/wp-json\/wp\/v2\/product\/346","targetHints":{"allow":["GET"]}}],"collection":[{"href":"https:\/\/cbbspainhidea.com\/es\/wp-json\/wp\/v2\/product"}],"about":[{"href":"https:\/\/cbbspainhidea.com\/es\/wp-json\/wp\/v2\/types\/product"}],"replies":[{"embeddable":true,"href":"https:\/\/cbbspainhidea.com\/es\/wp-json\/wp\/v2\/comments?post=346"}],"wp:featuredmedia":[{"embeddable":true,"href":"https:\/\/cbbspainhidea.com\/es\/wp-json\/wp\/v2\/media\/216"}],"wp:attachment":[{"href":"https:\/\/cbbspainhidea.com\/es\/wp-json\/wp\/v2\/media?parent=346"}],"wp:term":[{"taxonomy":"product_brand","embeddable":true,"href":"https:\/\/cbbspainhidea.com\/es\/wp-json\/wp\/v2\/product_brand?post=346"},{"taxonomy":"product_cat","embeddable":true,"href":"https:\/\/cbbspainhidea.com\/es\/wp-json\/wp\/v2\/product_cat?post=346"},{"taxonomy":"product_tag","embeddable":true,"href":"https:\/\/cbbspainhidea.com\/es\/wp-json\/wp\/v2\/product_tag?post=346"}],"curies":[{"name":"wp","href":"https:\/\/api.w.org\/{rel}","templated":true}]}}