{"id":336,"date":"2025-05-09T10:01:40","date_gmt":"2025-05-09T10:01:40","guid":{"rendered":"https:\/\/hideaspain.com\/product\/ef150-outboard-motor\/"},"modified":"2025-05-20T10:12:09","modified_gmt":"2025-05-20T10:12:09","slug":"ef150-motor-fuera-de-borda","status":"publish","type":"product","link":"https:\/\/cbbspainhidea.com\/es\/producto\/ef150-motor-fuera-de-borda\/","title":{"rendered":"EF150"},"content":{"rendered":"<p data-start=\"145\" data-end=\"181\">Presentamos el nuevo Hidea EF150.\u00a0El nuevo Hidea EF150 es un motor fueraborda de 4 tiempos de \u00faltima generaci\u00f3n, dise\u00f1ado para navegantes exigentes que buscan potencia, precisi\u00f3n y tecnolog\u00eda de vanguardia. Como parte de la nueva gama de alto rendimiento de Hidea, el EF150 combina una potencia robusta con una eficiencia excepcional: ideal para embarcaciones grandes, ya sea para deporte, crucero o trabajo.<\/p>\n<p class=\"\" data-start=\"563\" data-end=\"956\">Con una impresionante potencia de 150 caballos, el EF150 est\u00e1 dise\u00f1ado para ofrecer un rendimiento constante y contundente en todo el rango de revoluciones. Incorpora un avanzado sistema de distribuci\u00f3n variable (VVT-i) y un sistema de encendido Coil-On-Plug (COP), que garantizan una combusti\u00f3n \u00f3ptima, una respuesta del acelerador m\u00e1s suave y una mayor eficiencia de combustible.<\/p>\n<p class=\"\" data-start=\"958\" data-end=\"1281\">Pensado para la navegaci\u00f3n moderna, el EF150 incluye un sistema de control digital que permite una comunicaci\u00f3n fluida con tu consola de mando, facilitando el manejo remoto de uno o varios motores. Disponible en elegante blanco o sofisticado negro, el EF150 no solo impresiona por dentro, tambi\u00e9n lo hace por fuera.<\/p>\n<p><strong>Caracter\u00edsticas del Hidea EF150<\/strong><\/p>\n<ul>\n<li>Bobina de encendido tipo l\u00e1piz independiente (COP), uso m\u00e1s eficiente de la energ\u00eda de encendido, mejor rendimiento de combusti\u00f3n y sistema de encendido m\u00e1s fiable<\/li>\n<li>V\u00e1lvula de distribuci\u00f3n variable (VVT-i): ajusta la sincronizaci\u00f3n de las v\u00e1lvulas de admisi\u00f3n seg\u00fan las condiciones del motor para optimizar la entrada de aire al cilindro y mejorar la combusti\u00f3n<\/li>\n<li>Sistema de control digital: el ECM del sistema se comunica con la ECU del motor, permitiendo el control remoto inteligente de uno, dos o varios motores<\/li>\n<li>Disponible en negro y blanco<\/li>\n<\/ul>\n","protected":false},"excerpt":{"rendered":"<p><strong>\u00a1NUEVO LANZAMIENTO en diciembre de 2025!<\/strong> Descubre el nuevo Hidea EF150, un fueraborda de nueva generaci\u00f3n para navegantes que exigen potencia.<\/p>\n","protected":false},"featured_media":218,"comment_status":"open","ping_status":"closed","template":"","meta":{"_acf_changed":false},"product_brand":[],"product_cat":[33,32],"product_tag":[],"class_list":{"0":"post-336","1":"product","2":"type-product","3":"status-publish","4":"has-post-thumbnail","6":"product_cat-deportes-acuaticos","7":"product_cat-motor-fueraborda-de-cuatro-tiempos","10":"first","11":"instock","12":"shipping-taxable","13":"product-type-simple"},"acf":[],"yoast_head":"<!-- This site is optimized with the Yoast SEO plugin v25.0 - https:\/\/yoast.com\/wordpress\/plugins\/seo\/ -->\n<title>Hidea Motor fueraborda EF150 | Hidea Espa\u00f1a | Distribuidor Oficial<\/title>\n<meta name=\"description\" content=\"Navega con confianza con el Hidea motor fueraborda EF150 EFI. Un motor de 150CV con inyecci\u00f3n electr\u00f3nica para rendimiento profesional.\" \/>\n<meta name=\"robots\" content=\"index, follow, max-snippet:-1, max-image-preview:large, max-video-preview:-1\" \/>\n<link rel=\"canonical\" href=\"https:\/\/cbbspainhidea.com\/es\/producto\/ef150-motor-fuera-de-borda\/\" \/>\n<meta property=\"og:locale\" content=\"es_ES\" \/>\n<meta property=\"og:type\" content=\"article\" \/>\n<meta property=\"og:title\" content=\"Hidea Motor fueraborda EF150 | Hidea Espa\u00f1a | Distribuidor Oficial\" \/>\n<meta property=\"og:description\" content=\"Navega con confianza con el Hidea motor fueraborda EF150 EFI. Un motor de 150CV con inyecci\u00f3n electr\u00f3nica para rendimiento profesional.\" \/>\n<meta property=\"og:url\" content=\"https:\/\/cbbspainhidea.com\/es\/producto\/ef150-motor-fuera-de-borda\/\" \/>\n<meta property=\"og:site_name\" content=\"Hidea Spain - Official distributor\" \/>\n<meta property=\"article:modified_time\" content=\"2025-05-20T10:12:09+00:00\" \/>\n<meta property=\"og:image\" content=\"https:\/\/cbbspainhidea.com\/wp-content\/uploads\/2025\/05\/49989_hidealineup_118714.jpg\" \/>\n\t<meta property=\"og:image:width\" content=\"528\" \/>\n\t<meta property=\"og:image:height\" content=\"650\" \/>\n\t<meta property=\"og:image:type\" content=\"image\/jpeg\" \/>\n<meta name=\"twitter:card\" content=\"summary_large_image\" \/>\n<meta name=\"twitter:label1\" content=\"Tiempo de lectura\" \/>\n\t<meta name=\"twitter:data1\" content=\"2 minutos\" \/>\n<script type=\"application\/ld+json\" class=\"yoast-schema-graph\">{\"@context\":\"https:\/\/schema.org\",\"@graph\":[{\"@type\":\"WebPage\",\"@id\":\"https:\/\/cbbspainhidea.com\/es\/producto\/ef150-motor-fuera-de-borda\/\",\"url\":\"https:\/\/cbbspainhidea.com\/es\/producto\/ef150-motor-fuera-de-borda\/\",\"name\":\"Hidea Motor fueraborda EF150 | Hidea Espa\u00f1a | Distribuidor Oficial\",\"isPartOf\":{\"@id\":\"https:\/\/cbbspainhidea.com\/es\/#website\"},\"primaryImageOfPage\":{\"@id\":\"https:\/\/cbbspainhidea.com\/es\/producto\/ef150-motor-fuera-de-borda\/#primaryimage\"},\"image\":{\"@id\":\"https:\/\/cbbspainhidea.com\/es\/producto\/ef150-motor-fuera-de-borda\/#primaryimage\"},\"thumbnailUrl\":\"https:\/\/cbbspainhidea.com\/wp-content\/uploads\/2025\/05\/49989_hidealineup_118714.jpg\",\"datePublished\":\"2025-05-09T10:01:40+00:00\",\"dateModified\":\"2025-05-20T10:12:09+00:00\",\"description\":\"Navega con confianza con el Hidea motor fueraborda EF150 EFI. Un motor de 150CV con inyecci\u00f3n electr\u00f3nica para rendimiento profesional.\",\"breadcrumb\":{\"@id\":\"https:\/\/cbbspainhidea.com\/es\/producto\/ef150-motor-fuera-de-borda\/#breadcrumb\"},\"inLanguage\":\"es\",\"potentialAction\":[{\"@type\":\"ReadAction\",\"target\":[\"https:\/\/cbbspainhidea.com\/es\/producto\/ef150-motor-fuera-de-borda\/\"]}]},{\"@type\":\"ImageObject\",\"inLanguage\":\"es\",\"@id\":\"https:\/\/cbbspainhidea.com\/es\/producto\/ef150-motor-fuera-de-borda\/#primaryimage\",\"url\":\"https:\/\/cbbspainhidea.com\/wp-content\/uploads\/2025\/05\/49989_hidealineup_118714.jpg\",\"contentUrl\":\"https:\/\/cbbspainhidea.com\/wp-content\/uploads\/2025\/05\/49989_hidealineup_118714.jpg\",\"width\":528,\"height\":650,\"caption\":\"Hidea EF200 outboard motor\"},{\"@type\":\"BreadcrumbList\",\"@id\":\"https:\/\/cbbspainhidea.com\/es\/producto\/ef150-motor-fuera-de-borda\/#breadcrumb\",\"itemListElement\":[{\"@type\":\"ListItem\",\"position\":1,\"name\":\"Home\",\"item\":\"https:\/\/cbbspainhidea.com\/es\/\"},{\"@type\":\"ListItem\",\"position\":2,\"name\":\"Selecci\u00f3n\",\"item\":\"https:\/\/cbbspainhidea.com\/es\/seleccion\/\"},{\"@type\":\"ListItem\",\"position\":3,\"name\":\"EF150\"}]},{\"@type\":\"WebSite\",\"@id\":\"https:\/\/cbbspainhidea.com\/es\/#website\",\"url\":\"https:\/\/cbbspainhidea.com\/es\/\",\"name\":\"Hidea Spain - Official distributor\",\"description\":\"\",\"publisher\":{\"@id\":\"https:\/\/cbbspainhidea.com\/es\/#organization\"},\"potentialAction\":[{\"@type\":\"SearchAction\",\"target\":{\"@type\":\"EntryPoint\",\"urlTemplate\":\"https:\/\/cbbspainhidea.com\/es\/?s={search_term_string}\"},\"query-input\":{\"@type\":\"PropertyValueSpecification\",\"valueRequired\":true,\"valueName\":\"search_term_string\"}}],\"inLanguage\":\"es\"},{\"@type\":\"Organization\",\"@id\":\"https:\/\/cbbspainhidea.com\/es\/#organization\",\"name\":\"Hidea Spain - Official distributor\",\"url\":\"https:\/\/cbbspainhidea.com\/es\/\",\"logo\":{\"@type\":\"ImageObject\",\"inLanguage\":\"es\",\"@id\":\"https:\/\/cbbspainhidea.com\/es\/#\/schema\/logo\/image\/\",\"url\":\"https:\/\/hideaspain.com\/wp-content\/uploads\/2025\/05\/logo.png\",\"contentUrl\":\"https:\/\/hideaspain.com\/wp-content\/uploads\/2025\/05\/logo.png\",\"width\":602,\"height\":134,\"caption\":\"Hidea Spain - Official distributor\"},\"image\":{\"@id\":\"https:\/\/cbbspainhidea.com\/es\/#\/schema\/logo\/image\/\"}}]}<\/script>\n<!-- \/ Yoast SEO plugin. -->","yoast_head_json":{"title":"Hidea Motor fueraborda EF150 | Hidea Espa\u00f1a | Distribuidor Oficial","description":"Navega con confianza con el Hidea motor fueraborda EF150 EFI. Un motor de 150CV con inyecci\u00f3n electr\u00f3nica para rendimiento profesional.","robots":{"index":"index","follow":"follow","max-snippet":"max-snippet:-1","max-image-preview":"max-image-preview:large","max-video-preview":"max-video-preview:-1"},"canonical":"https:\/\/cbbspainhidea.com\/es\/producto\/ef150-motor-fuera-de-borda\/","og_locale":"es_ES","og_type":"article","og_title":"Hidea Motor fueraborda EF150 | Hidea Espa\u00f1a | Distribuidor Oficial","og_description":"Navega con confianza con el Hidea motor fueraborda EF150 EFI. Un motor de 150CV con inyecci\u00f3n electr\u00f3nica para rendimiento profesional.","og_url":"https:\/\/cbbspainhidea.com\/es\/producto\/ef150-motor-fuera-de-borda\/","og_site_name":"Hidea Spain - Official distributor","article_modified_time":"2025-05-20T10:12:09+00:00","og_image":[{"width":528,"height":650,"url":"https:\/\/cbbspainhidea.com\/wp-content\/uploads\/2025\/05\/49989_hidealineup_118714.jpg","type":"image\/jpeg"}],"twitter_card":"summary_large_image","twitter_misc":{"Tiempo de lectura":"2 minutos"},"schema":{"@context":"https:\/\/schema.org","@graph":[{"@type":"WebPage","@id":"https:\/\/cbbspainhidea.com\/es\/producto\/ef150-motor-fuera-de-borda\/","url":"https:\/\/cbbspainhidea.com\/es\/producto\/ef150-motor-fuera-de-borda\/","name":"Hidea Motor fueraborda EF150 | Hidea Espa\u00f1a | Distribuidor Oficial","isPartOf":{"@id":"https:\/\/cbbspainhidea.com\/es\/#website"},"primaryImageOfPage":{"@id":"https:\/\/cbbspainhidea.com\/es\/producto\/ef150-motor-fuera-de-borda\/#primaryimage"},"image":{"@id":"https:\/\/cbbspainhidea.com\/es\/producto\/ef150-motor-fuera-de-borda\/#primaryimage"},"thumbnailUrl":"https:\/\/cbbspainhidea.com\/wp-content\/uploads\/2025\/05\/49989_hidealineup_118714.jpg","datePublished":"2025-05-09T10:01:40+00:00","dateModified":"2025-05-20T10:12:09+00:00","description":"Navega con confianza con el Hidea motor fueraborda EF150 EFI. Un motor de 150CV con inyecci\u00f3n electr\u00f3nica para rendimiento profesional.","breadcrumb":{"@id":"https:\/\/cbbspainhidea.com\/es\/producto\/ef150-motor-fuera-de-borda\/#breadcrumb"},"inLanguage":"es","potentialAction":[{"@type":"ReadAction","target":["https:\/\/cbbspainhidea.com\/es\/producto\/ef150-motor-fuera-de-borda\/"]}]},{"@type":"ImageObject","inLanguage":"es","@id":"https:\/\/cbbspainhidea.com\/es\/producto\/ef150-motor-fuera-de-borda\/#primaryimage","url":"https:\/\/cbbspainhidea.com\/wp-content\/uploads\/2025\/05\/49989_hidealineup_118714.jpg","contentUrl":"https:\/\/cbbspainhidea.com\/wp-content\/uploads\/2025\/05\/49989_hidealineup_118714.jpg","width":528,"height":650,"caption":"Hidea EF200 outboard motor"},{"@type":"BreadcrumbList","@id":"https:\/\/cbbspainhidea.com\/es\/producto\/ef150-motor-fuera-de-borda\/#breadcrumb","itemListElement":[{"@type":"ListItem","position":1,"name":"Home","item":"https:\/\/cbbspainhidea.com\/es\/"},{"@type":"ListItem","position":2,"name":"Selecci\u00f3n","item":"https:\/\/cbbspainhidea.com\/es\/seleccion\/"},{"@type":"ListItem","position":3,"name":"EF150"}]},{"@type":"WebSite","@id":"https:\/\/cbbspainhidea.com\/es\/#website","url":"https:\/\/cbbspainhidea.com\/es\/","name":"Hidea Spain - Official distributor","description":"","publisher":{"@id":"https:\/\/cbbspainhidea.com\/es\/#organization"},"potentialAction":[{"@type":"SearchAction","target":{"@type":"EntryPoint","urlTemplate":"https:\/\/cbbspainhidea.com\/es\/?s={search_term_string}"},"query-input":{"@type":"PropertyValueSpecification","valueRequired":true,"valueName":"search_term_string"}}],"inLanguage":"es"},{"@type":"Organization","@id":"https:\/\/cbbspainhidea.com\/es\/#organization","name":"Hidea Spain - Official distributor","url":"https:\/\/cbbspainhidea.com\/es\/","logo":{"@type":"ImageObject","inLanguage":"es","@id":"https:\/\/cbbspainhidea.com\/es\/#\/schema\/logo\/image\/","url":"https:\/\/hideaspain.com\/wp-content\/uploads\/2025\/05\/logo.png","contentUrl":"https:\/\/hideaspain.com\/wp-content\/uploads\/2025\/05\/logo.png","width":602,"height":134,"caption":"Hidea Spain - Official distributor"},"image":{"@id":"https:\/\/cbbspainhidea.com\/es\/#\/schema\/logo\/image\/"}}]}},"_links":{"self":[{"href":"https:\/\/cbbspainhidea.com\/es\/wp-json\/wp\/v2\/product\/336","targetHints":{"allow":["GET"]}}],"collection":[{"href":"https:\/\/cbbspainhidea.com\/es\/wp-json\/wp\/v2\/product"}],"about":[{"href":"https:\/\/cbbspainhidea.com\/es\/wp-json\/wp\/v2\/types\/product"}],"replies":[{"embeddable":true,"href":"https:\/\/cbbspainhidea.com\/es\/wp-json\/wp\/v2\/comments?post=336"}],"wp:featuredmedia":[{"embeddable":true,"href":"https:\/\/cbbspainhidea.com\/es\/wp-json\/wp\/v2\/media\/218"}],"wp:attachment":[{"href":"https:\/\/cbbspainhidea.com\/es\/wp-json\/wp\/v2\/media?parent=336"}],"wp:term":[{"taxonomy":"product_brand","embeddable":true,"href":"https:\/\/cbbspainhidea.com\/es\/wp-json\/wp\/v2\/product_brand?post=336"},{"taxonomy":"product_cat","embeddable":true,"href":"https:\/\/cbbspainhidea.com\/es\/wp-json\/wp\/v2\/product_cat?post=336"},{"taxonomy":"product_tag","embeddable":true,"href":"https:\/\/cbbspainhidea.com\/es\/wp-json\/wp\/v2\/product_tag?post=336"}],"curies":[{"name":"wp","href":"https:\/\/api.w.org\/{rel}","templated":true}]}}