{"id":328,"date":"2025-04-24T08:42:57","date_gmt":"2025-04-24T08:42:57","guid":{"rendered":"https:\/\/hideaspain.com\/privacy-policy\/"},"modified":"2025-05-20T11:07:32","modified_gmt":"2025-05-20T11:07:32","slug":"politica-de-privacidad","status":"publish","type":"page","link":"https:\/\/cbbspainhidea.com\/es\/politica-de-privacidad\/","title":{"rendered":"Pol\u00edtica de Privacidad y Cookies"},"content":{"rendered":"<p><strong>\u00daltima actualizaci\u00f3n: 13 de mayo de 2025<\/strong><\/p><p>Esta Pol\u00edtica de Privacidad y Cookies se aplica a <strong>hideaspain.com<\/strong>, distribuidor oficial de motores fueraborda Hidea en Espa\u00f1a.<\/p><h4 class=\"wp-block-heading\">1. Qui\u00e9nes somos<\/h4><p><strong>Hidea Espa\u00f1a<\/strong><br>Puerto Marina Greenwich 75<br>03590 Altea, Alicante, Espa\u00f1a<br>\ud83d\udce7 <a>info@hideaspain.com<\/a><br>\ud83d\udcde +34 6 123 456 78<\/p><h4 class=\"wp-block-heading\">2. Qu\u00e9 datos recopilamos<\/h4><p>No recopilamos datos personales a trav\u00e9s de este sitio web, salvo estad\u00edsticas b\u00e1sicas mediante <strong>Google Analytics<\/strong>.<\/p><h4 class=\"wp-block-heading\">3. Cookies<\/h4><p>Este sitio web utiliza cookies exclusivamente de <strong>Google Analytics<\/strong>.<br>Estas cookies nos ayudan a entender c\u00f3mo los visitantes usan nuestro sitio, con el fin de mejorar la experiencia del usuario.<br>No se recopila informaci\u00f3n personal.<\/p><h5 class=\"wp-block-heading\">C\u00f3mo gestionar las cookies<\/h5><p>Puede cambiar la configuraci\u00f3n de su navegador para bloquear o eliminar cookies. Esto puede afectar su experiencia de navegaci\u00f3n.<\/p><h4 class=\"wp-block-heading\">4. Terceros<\/h4><p>No compartimos ning\u00fan dato con terceros. No utilizamos cookies de marketing ni de seguimiento.<\/p><h4 class=\"wp-block-heading\">5. Contacto<\/h4><p>Para cualquier consulta relacionada con sus datos, puede contactarnos en <strong><a>info@hideaspain.com<\/a><\/strong>.<\/p>","protected":false},"excerpt":{"rendered":"<p>\u00daltima actualizaci\u00f3n: 13 de mayo de 2025 Esta Pol\u00edtica de Privacidad y Cookies se aplica a hideaspain.com, distribuidor oficial de motores fueraborda Hidea en Espa\u00f1a. 1. Qui\u00e9nes somos Hidea Espa\u00f1aPuerto Marina Greenwich 7503590 Altea, Alicante, Espa\u00f1a\ud83d\udce7 info@hideaspain.com\ud83d\udcde +34 6 123 456 78 2. Qu\u00e9 datos recopilamos No recopilamos datos personales a trav\u00e9s de este sitio web, salvo estad\u00edsticas b\u00e1sicas mediante &#8230;<\/p>\n","protected":false},"author":1,"featured_media":0,"parent":0,"menu_order":0,"comment_status":"closed","ping_status":"open","template":"","meta":{"_acf_changed":false,"footnotes":""},"class_list":["post-328","page","type-page","status-publish","hentry","no-post-thumbnail"],"acf":[],"yoast_head":"<!-- This site is optimized with the Yoast SEO plugin v25.0 - https:\/\/yoast.com\/wordpress\/plugins\/seo\/ -->\n<title>Pol\u00edtica de Privacidad | Hidea Espa\u00f1a<\/title>\n<meta name=\"description\" content=\"Lee la pol\u00edtica de privacidad de Hidea Espa\u00f1a y descubre c\u00f3mo protegemos tus datos al visitar nuestro sitio web oficial.\" \/>\n<meta name=\"robots\" content=\"index, follow, max-snippet:-1, max-image-preview:large, max-video-preview:-1\" \/>\n<link rel=\"canonical\" href=\"https:\/\/cbbspainhidea.com\/es\/politica-de-privacidad\/\" \/>\n<meta property=\"og:locale\" content=\"es_ES\" \/>\n<meta property=\"og:type\" content=\"article\" \/>\n<meta property=\"og:title\" content=\"Pol\u00edtica de Privacidad | Hidea Espa\u00f1a\" \/>\n<meta property=\"og:description\" content=\"Lee la pol\u00edtica de privacidad de Hidea Espa\u00f1a y descubre c\u00f3mo protegemos tus datos al visitar nuestro sitio web oficial.\" \/>\n<meta property=\"og:url\" content=\"https:\/\/cbbspainhidea.com\/es\/politica-de-privacidad\/\" \/>\n<meta property=\"og:site_name\" content=\"Hidea Spain - Official distributor\" \/>\n<meta property=\"article:modified_time\" content=\"2025-05-20T11:07:32+00:00\" \/>\n<meta name=\"twitter:card\" content=\"summary_large_image\" \/>\n<meta name=\"twitter:label1\" content=\"Tiempo de lectura\" \/>\n\t<meta name=\"twitter:data1\" content=\"1 minuto\" \/>\n<script type=\"application\/ld+json\" class=\"yoast-schema-graph\">{\"@context\":\"https:\/\/schema.org\",\"@graph\":[{\"@type\":\"WebPage\",\"@id\":\"https:\/\/cbbspainhidea.com\/es\/politica-de-privacidad\/\",\"url\":\"https:\/\/cbbspainhidea.com\/es\/politica-de-privacidad\/\",\"name\":\"Pol\u00edtica de Privacidad | Hidea Espa\u00f1a\",\"isPartOf\":{\"@id\":\"https:\/\/cbbspainhidea.com\/es\/#website\"},\"datePublished\":\"2025-04-24T08:42:57+00:00\",\"dateModified\":\"2025-05-20T11:07:32+00:00\",\"description\":\"Lee la pol\u00edtica de privacidad de Hidea Espa\u00f1a y descubre c\u00f3mo protegemos tus datos al visitar nuestro sitio web oficial.\",\"breadcrumb\":{\"@id\":\"https:\/\/cbbspainhidea.com\/es\/politica-de-privacidad\/#breadcrumb\"},\"inLanguage\":\"es\",\"potentialAction\":[{\"@type\":\"ReadAction\",\"target\":[\"https:\/\/cbbspainhidea.com\/es\/politica-de-privacidad\/\"]}]},{\"@type\":\"BreadcrumbList\",\"@id\":\"https:\/\/cbbspainhidea.com\/es\/politica-de-privacidad\/#breadcrumb\",\"itemListElement\":[{\"@type\":\"ListItem\",\"position\":1,\"name\":\"Home\",\"item\":\"https:\/\/cbbspainhidea.com\/es\/\"},{\"@type\":\"ListItem\",\"position\":2,\"name\":\"Pol\u00edtica de Privacidad y Cookies\"}]},{\"@type\":\"WebSite\",\"@id\":\"https:\/\/cbbspainhidea.com\/es\/#website\",\"url\":\"https:\/\/cbbspainhidea.com\/es\/\",\"name\":\"Hidea Spain - Official distributor\",\"description\":\"\",\"publisher\":{\"@id\":\"https:\/\/cbbspainhidea.com\/es\/#organization\"},\"potentialAction\":[{\"@type\":\"SearchAction\",\"target\":{\"@type\":\"EntryPoint\",\"urlTemplate\":\"https:\/\/cbbspainhidea.com\/es\/?s={search_term_string}\"},\"query-input\":{\"@type\":\"PropertyValueSpecification\",\"valueRequired\":true,\"valueName\":\"search_term_string\"}}],\"inLanguage\":\"es\"},{\"@type\":\"Organization\",\"@id\":\"https:\/\/cbbspainhidea.com\/es\/#organization\",\"name\":\"Hidea Spain - Official distributor\",\"url\":\"https:\/\/cbbspainhidea.com\/es\/\",\"logo\":{\"@type\":\"ImageObject\",\"inLanguage\":\"es\",\"@id\":\"https:\/\/cbbspainhidea.com\/es\/#\/schema\/logo\/image\/\",\"url\":\"https:\/\/hideaspain.com\/wp-content\/uploads\/2025\/05\/logo.png\",\"contentUrl\":\"https:\/\/hideaspain.com\/wp-content\/uploads\/2025\/05\/logo.png\",\"width\":602,\"height\":134,\"caption\":\"Hidea Spain - Official distributor\"},\"image\":{\"@id\":\"https:\/\/cbbspainhidea.com\/es\/#\/schema\/logo\/image\/\"}}]}<\/script>\n<!-- \/ Yoast SEO plugin. -->","yoast_head_json":{"title":"Pol\u00edtica de Privacidad | Hidea Espa\u00f1a","description":"Lee la pol\u00edtica de privacidad de Hidea Espa\u00f1a y descubre c\u00f3mo protegemos tus datos al visitar nuestro sitio web oficial.","robots":{"index":"index","follow":"follow","max-snippet":"max-snippet:-1","max-image-preview":"max-image-preview:large","max-video-preview":"max-video-preview:-1"},"canonical":"https:\/\/cbbspainhidea.com\/es\/politica-de-privacidad\/","og_locale":"es_ES","og_type":"article","og_title":"Pol\u00edtica de Privacidad | Hidea Espa\u00f1a","og_description":"Lee la pol\u00edtica de privacidad de Hidea Espa\u00f1a y descubre c\u00f3mo protegemos tus datos al visitar nuestro sitio web oficial.","og_url":"https:\/\/cbbspainhidea.com\/es\/politica-de-privacidad\/","og_site_name":"Hidea Spain - Official distributor","article_modified_time":"2025-05-20T11:07:32+00:00","twitter_card":"summary_large_image","twitter_misc":{"Tiempo de lectura":"1 minuto"},"schema":{"@context":"https:\/\/schema.org","@graph":[{"@type":"WebPage","@id":"https:\/\/cbbspainhidea.com\/es\/politica-de-privacidad\/","url":"https:\/\/cbbspainhidea.com\/es\/politica-de-privacidad\/","name":"Pol\u00edtica de Privacidad | Hidea Espa\u00f1a","isPartOf":{"@id":"https:\/\/cbbspainhidea.com\/es\/#website"},"datePublished":"2025-04-24T08:42:57+00:00","dateModified":"2025-05-20T11:07:32+00:00","description":"Lee la pol\u00edtica de privacidad de Hidea Espa\u00f1a y descubre c\u00f3mo protegemos tus datos al visitar nuestro sitio web oficial.","breadcrumb":{"@id":"https:\/\/cbbspainhidea.com\/es\/politica-de-privacidad\/#breadcrumb"},"inLanguage":"es","potentialAction":[{"@type":"ReadAction","target":["https:\/\/cbbspainhidea.com\/es\/politica-de-privacidad\/"]}]},{"@type":"BreadcrumbList","@id":"https:\/\/cbbspainhidea.com\/es\/politica-de-privacidad\/#breadcrumb","itemListElement":[{"@type":"ListItem","position":1,"name":"Home","item":"https:\/\/cbbspainhidea.com\/es\/"},{"@type":"ListItem","position":2,"name":"Pol\u00edtica de Privacidad y Cookies"}]},{"@type":"WebSite","@id":"https:\/\/cbbspainhidea.com\/es\/#website","url":"https:\/\/cbbspainhidea.com\/es\/","name":"Hidea Spain - Official distributor","description":"","publisher":{"@id":"https:\/\/cbbspainhidea.com\/es\/#organization"},"potentialAction":[{"@type":"SearchAction","target":{"@type":"EntryPoint","urlTemplate":"https:\/\/cbbspainhidea.com\/es\/?s={search_term_string}"},"query-input":{"@type":"PropertyValueSpecification","valueRequired":true,"valueName":"search_term_string"}}],"inLanguage":"es"},{"@type":"Organization","@id":"https:\/\/cbbspainhidea.com\/es\/#organization","name":"Hidea Spain - Official distributor","url":"https:\/\/cbbspainhidea.com\/es\/","logo":{"@type":"ImageObject","inLanguage":"es","@id":"https:\/\/cbbspainhidea.com\/es\/#\/schema\/logo\/image\/","url":"https:\/\/hideaspain.com\/wp-content\/uploads\/2025\/05\/logo.png","contentUrl":"https:\/\/hideaspain.com\/wp-content\/uploads\/2025\/05\/logo.png","width":602,"height":134,"caption":"Hidea Spain - Official distributor"},"image":{"@id":"https:\/\/cbbspainhidea.com\/es\/#\/schema\/logo\/image\/"}}]}},"_links":{"self":[{"href":"https:\/\/cbbspainhidea.com\/es\/wp-json\/wp\/v2\/pages\/328","targetHints":{"allow":["GET"]}}],"collection":[{"href":"https:\/\/cbbspainhidea.com\/es\/wp-json\/wp\/v2\/pages"}],"about":[{"href":"https:\/\/cbbspainhidea.com\/es\/wp-json\/wp\/v2\/types\/page"}],"author":[{"embeddable":true,"href":"https:\/\/cbbspainhidea.com\/es\/wp-json\/wp\/v2\/users\/1"}],"replies":[{"embeddable":true,"href":"https:\/\/cbbspainhidea.com\/es\/wp-json\/wp\/v2\/comments?post=328"}],"version-history":[{"count":2,"href":"https:\/\/cbbspainhidea.com\/es\/wp-json\/wp\/v2\/pages\/328\/revisions"}],"predecessor-version":[{"id":334,"href":"https:\/\/cbbspainhidea.com\/es\/wp-json\/wp\/v2\/pages\/328\/revisions\/334"}],"wp:attachment":[{"href":"https:\/\/cbbspainhidea.com\/es\/wp-json\/wp\/v2\/media?parent=328"}],"curies":[{"name":"wp","href":"https:\/\/api.w.org\/{rel}","templated":true}]}}