{"id":247,"date":"2025-05-07T11:19:49","date_gmt":"2025-05-07T11:19:49","guid":{"rendered":"https:\/\/hideaspain.com\/contact-es\/"},"modified":"2025-12-19T15:16:16","modified_gmt":"2025-12-19T15:16:16","slug":"contacto","status":"publish","type":"page","link":"https:\/\/cbbspainhidea.com\/es\/contacto\/","title":{"rendered":"Contacto"},"content":{"rendered":"<div id=\"cs-content\" class=\"cs-content\"><\/div>\n","protected":false},"excerpt":{"rendered":"<p>Cont&aacute;ctanos Env&iacute;enos un correo electr&oacute;nico: info@cbbspainhidea.comLl\u00e1manos: +34 6 791 988 42Whatsapp: 679198842Direcci&oacute;n: Puerto Marina Greenwich 7503590 Altea, Alicante Nombre Apellido N\u00famero de tel\u00e9fono Correo electr\u00f3nico Provincia Andaluc\u00edaArag\u00f3nAsturiasIslas BalearesCanariasCantabriaCastilla-La ManchaCastilla y Le\u00f3nCatalu\u00f1aComunidad ValencianaExtremaduraGaliciaMadridMurciaNavarraPa\u00eds VascoLa RiojaCeutaMelilla \u00bfC\u00f3mo podemos ayudarle?<\/p>\n","protected":false},"author":1,"featured_media":0,"parent":0,"menu_order":0,"comment_status":"closed","ping_status":"closed","template":"template-blank-4.php","meta":{"_acf_changed":false,"footnotes":""},"class_list":["post-247","page","type-page","status-publish","hentry","no-post-thumbnail"],"acf":[],"yoast_head":"<!-- This site is optimized with the Yoast SEO plugin v25.0 - https:\/\/yoast.com\/wordpress\/plugins\/seo\/ -->\n<title>Cont\u00e1ctanos Hidea Motores Fueraborda | Distribuidor Oficial<\/title>\n<meta name=\"description\" content=\"Env\u00edenos Hidea Espa\u00f1a un correo electr\u00f3nico: info@hideaspain.com. Ll\u00e1manos: +34 679 198 842. Direcci\u00f3n: Puerto Marina Greenwich 75\" \/>\n<meta name=\"robots\" content=\"index, follow, max-snippet:-1, max-image-preview:large, max-video-preview:-1\" \/>\n<link rel=\"canonical\" href=\"https:\/\/cbbspainhidea.com\/es\/contacto\/\" \/>\n<meta property=\"og:locale\" content=\"es_ES\" \/>\n<meta property=\"og:type\" content=\"article\" \/>\n<meta property=\"og:title\" content=\"Cont\u00e1ctanos Hidea Motores Fueraborda | Distribuidor Oficial\" \/>\n<meta property=\"og:description\" content=\"Env\u00edenos Hidea Espa\u00f1a un correo electr\u00f3nico: info@hideaspain.com. Ll\u00e1manos: +34 679 198 842. Direcci\u00f3n: Puerto Marina Greenwich 75\" \/>\n<meta property=\"og:url\" content=\"https:\/\/cbbspainhidea.com\/es\/contacto\/\" \/>\n<meta property=\"og:site_name\" content=\"Hidea Spain - Official distributor\" \/>\n<meta property=\"article:modified_time\" content=\"2025-12-19T15:16:16+00:00\" \/>\n<meta name=\"twitter:card\" content=\"summary_large_image\" \/>\n<meta name=\"twitter:label1\" content=\"Tiempo de lectura\" \/>\n\t<meta name=\"twitter:data1\" content=\"1 minuto\" \/>\n<script type=\"application\/ld+json\" class=\"yoast-schema-graph\">{\"@context\":\"https:\/\/schema.org\",\"@graph\":[{\"@type\":\"WebPage\",\"@id\":\"https:\/\/cbbspainhidea.com\/es\/contacto\/\",\"url\":\"https:\/\/cbbspainhidea.com\/es\/contacto\/\",\"name\":\"Cont\u00e1ctanos Hidea Motores Fueraborda | Distribuidor Oficial\",\"isPartOf\":{\"@id\":\"https:\/\/cbbspainhidea.com\/es\/#website\"},\"datePublished\":\"2025-05-07T11:19:49+00:00\",\"dateModified\":\"2025-12-19T15:16:16+00:00\",\"description\":\"Env\u00edenos Hidea Espa\u00f1a un correo electr\u00f3nico: info@hideaspain.com. Ll\u00e1manos: +34 679 198 842. Direcci\u00f3n: Puerto Marina Greenwich 75\",\"breadcrumb\":{\"@id\":\"https:\/\/cbbspainhidea.com\/es\/contacto\/#breadcrumb\"},\"inLanguage\":\"es\",\"potentialAction\":[{\"@type\":\"ReadAction\",\"target\":[\"https:\/\/cbbspainhidea.com\/es\/contacto\/\"]}]},{\"@type\":\"BreadcrumbList\",\"@id\":\"https:\/\/cbbspainhidea.com\/es\/contacto\/#breadcrumb\",\"itemListElement\":[{\"@type\":\"ListItem\",\"position\":1,\"name\":\"Home\",\"item\":\"https:\/\/cbbspainhidea.com\/es\/\"},{\"@type\":\"ListItem\",\"position\":2,\"name\":\"Contacto\"}]},{\"@type\":\"WebSite\",\"@id\":\"https:\/\/cbbspainhidea.com\/es\/#website\",\"url\":\"https:\/\/cbbspainhidea.com\/es\/\",\"name\":\"Hidea Spain - Official distributor\",\"description\":\"\",\"publisher\":{\"@id\":\"https:\/\/cbbspainhidea.com\/es\/#organization\"},\"potentialAction\":[{\"@type\":\"SearchAction\",\"target\":{\"@type\":\"EntryPoint\",\"urlTemplate\":\"https:\/\/cbbspainhidea.com\/es\/?s={search_term_string}\"},\"query-input\":{\"@type\":\"PropertyValueSpecification\",\"valueRequired\":true,\"valueName\":\"search_term_string\"}}],\"inLanguage\":\"es\"},{\"@type\":\"Organization\",\"@id\":\"https:\/\/cbbspainhidea.com\/es\/#organization\",\"name\":\"Hidea Spain - Official distributor\",\"url\":\"https:\/\/cbbspainhidea.com\/es\/\",\"logo\":{\"@type\":\"ImageObject\",\"inLanguage\":\"es\",\"@id\":\"https:\/\/cbbspainhidea.com\/es\/#\/schema\/logo\/image\/\",\"url\":\"https:\/\/hideaspain.com\/wp-content\/uploads\/2025\/05\/logo.png\",\"contentUrl\":\"https:\/\/hideaspain.com\/wp-content\/uploads\/2025\/05\/logo.png\",\"width\":602,\"height\":134,\"caption\":\"Hidea Spain - Official distributor\"},\"image\":{\"@id\":\"https:\/\/cbbspainhidea.com\/es\/#\/schema\/logo\/image\/\"}}]}<\/script>\n<!-- \/ Yoast SEO plugin. -->","yoast_head_json":{"title":"Cont\u00e1ctanos Hidea Motores Fueraborda | Distribuidor Oficial","description":"Env\u00edenos Hidea Espa\u00f1a un correo electr\u00f3nico: info@hideaspain.com. Ll\u00e1manos: +34 679 198 842. Direcci\u00f3n: Puerto Marina Greenwich 75","robots":{"index":"index","follow":"follow","max-snippet":"max-snippet:-1","max-image-preview":"max-image-preview:large","max-video-preview":"max-video-preview:-1"},"canonical":"https:\/\/cbbspainhidea.com\/es\/contacto\/","og_locale":"es_ES","og_type":"article","og_title":"Cont\u00e1ctanos Hidea Motores Fueraborda | Distribuidor Oficial","og_description":"Env\u00edenos Hidea Espa\u00f1a un correo electr\u00f3nico: info@hideaspain.com. Ll\u00e1manos: +34 679 198 842. Direcci\u00f3n: Puerto Marina Greenwich 75","og_url":"https:\/\/cbbspainhidea.com\/es\/contacto\/","og_site_name":"Hidea Spain - Official distributor","article_modified_time":"2025-12-19T15:16:16+00:00","twitter_card":"summary_large_image","twitter_misc":{"Tiempo de lectura":"1 minuto"},"schema":{"@context":"https:\/\/schema.org","@graph":[{"@type":"WebPage","@id":"https:\/\/cbbspainhidea.com\/es\/contacto\/","url":"https:\/\/cbbspainhidea.com\/es\/contacto\/","name":"Cont\u00e1ctanos Hidea Motores Fueraborda | Distribuidor Oficial","isPartOf":{"@id":"https:\/\/cbbspainhidea.com\/es\/#website"},"datePublished":"2025-05-07T11:19:49+00:00","dateModified":"2025-12-19T15:16:16+00:00","description":"Env\u00edenos Hidea Espa\u00f1a un correo electr\u00f3nico: info@hideaspain.com. Ll\u00e1manos: +34 679 198 842. Direcci\u00f3n: Puerto Marina Greenwich 75","breadcrumb":{"@id":"https:\/\/cbbspainhidea.com\/es\/contacto\/#breadcrumb"},"inLanguage":"es","potentialAction":[{"@type":"ReadAction","target":["https:\/\/cbbspainhidea.com\/es\/contacto\/"]}]},{"@type":"BreadcrumbList","@id":"https:\/\/cbbspainhidea.com\/es\/contacto\/#breadcrumb","itemListElement":[{"@type":"ListItem","position":1,"name":"Home","item":"https:\/\/cbbspainhidea.com\/es\/"},{"@type":"ListItem","position":2,"name":"Contacto"}]},{"@type":"WebSite","@id":"https:\/\/cbbspainhidea.com\/es\/#website","url":"https:\/\/cbbspainhidea.com\/es\/","name":"Hidea Spain - Official distributor","description":"","publisher":{"@id":"https:\/\/cbbspainhidea.com\/es\/#organization"},"potentialAction":[{"@type":"SearchAction","target":{"@type":"EntryPoint","urlTemplate":"https:\/\/cbbspainhidea.com\/es\/?s={search_term_string}"},"query-input":{"@type":"PropertyValueSpecification","valueRequired":true,"valueName":"search_term_string"}}],"inLanguage":"es"},{"@type":"Organization","@id":"https:\/\/cbbspainhidea.com\/es\/#organization","name":"Hidea Spain - Official distributor","url":"https:\/\/cbbspainhidea.com\/es\/","logo":{"@type":"ImageObject","inLanguage":"es","@id":"https:\/\/cbbspainhidea.com\/es\/#\/schema\/logo\/image\/","url":"https:\/\/hideaspain.com\/wp-content\/uploads\/2025\/05\/logo.png","contentUrl":"https:\/\/hideaspain.com\/wp-content\/uploads\/2025\/05\/logo.png","width":602,"height":134,"caption":"Hidea Spain - Official distributor"},"image":{"@id":"https:\/\/cbbspainhidea.com\/es\/#\/schema\/logo\/image\/"}}]}},"_links":{"self":[{"href":"https:\/\/cbbspainhidea.com\/es\/wp-json\/wp\/v2\/pages\/247","targetHints":{"allow":["GET"]}}],"collection":[{"href":"https:\/\/cbbspainhidea.com\/es\/wp-json\/wp\/v2\/pages"}],"about":[{"href":"https:\/\/cbbspainhidea.com\/es\/wp-json\/wp\/v2\/types\/page"}],"author":[{"embeddable":true,"href":"https:\/\/cbbspainhidea.com\/es\/wp-json\/wp\/v2\/users\/1"}],"replies":[{"embeddable":true,"href":"https:\/\/cbbspainhidea.com\/es\/wp-json\/wp\/v2\/comments?post=247"}],"version-history":[{"count":18,"href":"https:\/\/cbbspainhidea.com\/es\/wp-json\/wp\/v2\/pages\/247\/revisions"}],"predecessor-version":[{"id":414,"href":"https:\/\/cbbspainhidea.com\/es\/wp-json\/wp\/v2\/pages\/247\/revisions\/414"}],"wp:attachment":[{"href":"https:\/\/cbbspainhidea.com\/es\/wp-json\/wp\/v2\/media?parent=247"}],"curies":[{"name":"wp","href":"https:\/\/api.w.org\/{rel}","templated":true}]}}