{"id":237,"date":"2025-05-09T09:50:28","date_gmt":"2025-05-09T09:50:28","guid":{"rendered":"https:\/\/hideaspain.com\/become-a-dealer-es\/"},"modified":"2025-05-20T08:58:20","modified_gmt":"2025-05-20T08:58:20","slug":"hazte-distribuidor","status":"publish","type":"page","link":"https:\/\/cbbspainhidea.com\/es\/hazte-distribuidor\/","title":{"rendered":"Hazte distribuidor"},"content":{"rendered":"<div id=\"cs-content\" class=\"cs-content\"><\/div>\n","protected":false},"excerpt":{"rendered":"<p>Hazte distribuidor de Hidea en Espa&ntilde;a &iquest;Por qu&eacute; asociarte con Hidea? &Uacute;nete a la creciente red de distribuidores Hidea y ofrece motores fueraborda de alto rendimiento a tus clientes. Como distribuidor oficial de Hidea en Espa&ntilde;a, te brindamos una oportunidad &uacute;nica para hacer crecer tu negocio con una marca innovadora y de confianza. Amplia Gama de Productos: Ofrece a tus &#8230;<\/p>\n","protected":false},"author":1,"featured_media":0,"parent":0,"menu_order":0,"comment_status":"closed","ping_status":"closed","template":"template-blank-4.php","meta":{"_acf_changed":false,"footnotes":""},"class_list":["post-237","page","type-page","status-publish","hentry","no-post-thumbnail"],"acf":[],"yoast_head":"<!-- This site is optimized with the Yoast SEO plugin v25.0 - https:\/\/yoast.com\/wordpress\/plugins\/seo\/ -->\n<title>Hazte Distribuidor | Motores Fueraborda Hidea Espa\u00f1a<\/title>\n<meta name=\"description\" content=\"\u00danete a la red de distribuidores oficiales de Hidea en Espa\u00f1a. Ofrece motores fuera borda fiables, eficientes y con tecnolog\u00eda avanzada.\" \/>\n<meta name=\"robots\" content=\"index, follow, max-snippet:-1, max-image-preview:large, max-video-preview:-1\" \/>\n<link rel=\"canonical\" href=\"https:\/\/cbbspainhidea.com\/es\/hazte-distribuidor\/\" \/>\n<meta property=\"og:locale\" content=\"es_ES\" \/>\n<meta property=\"og:type\" content=\"article\" \/>\n<meta property=\"og:title\" content=\"Hazte Distribuidor | Motores Fueraborda Hidea Espa\u00f1a\" \/>\n<meta property=\"og:description\" content=\"\u00danete a la red de distribuidores oficiales de Hidea en Espa\u00f1a. Ofrece motores fuera borda fiables, eficientes y con tecnolog\u00eda avanzada.\" \/>\n<meta property=\"og:url\" content=\"https:\/\/cbbspainhidea.com\/es\/hazte-distribuidor\/\" \/>\n<meta property=\"og:site_name\" content=\"Hidea Spain - Official distributor\" \/>\n<meta property=\"article:modified_time\" content=\"2025-05-20T08:58:20+00:00\" \/>\n<meta name=\"twitter:card\" content=\"summary_large_image\" \/>\n<meta name=\"twitter:label1\" content=\"Tiempo de lectura\" \/>\n\t<meta name=\"twitter:data1\" content=\"3 minutos\" \/>\n<script type=\"application\/ld+json\" class=\"yoast-schema-graph\">{\"@context\":\"https:\/\/schema.org\",\"@graph\":[{\"@type\":\"WebPage\",\"@id\":\"https:\/\/cbbspainhidea.com\/es\/hazte-distribuidor\/\",\"url\":\"https:\/\/cbbspainhidea.com\/es\/hazte-distribuidor\/\",\"name\":\"Hazte Distribuidor | Motores Fueraborda Hidea Espa\u00f1a\",\"isPartOf\":{\"@id\":\"https:\/\/cbbspainhidea.com\/es\/#website\"},\"datePublished\":\"2025-05-09T09:50:28+00:00\",\"dateModified\":\"2025-05-20T08:58:20+00:00\",\"description\":\"\u00danete a la red de distribuidores oficiales de Hidea en Espa\u00f1a. Ofrece motores fuera borda fiables, eficientes y con tecnolog\u00eda avanzada.\",\"breadcrumb\":{\"@id\":\"https:\/\/cbbspainhidea.com\/es\/hazte-distribuidor\/#breadcrumb\"},\"inLanguage\":\"es\",\"potentialAction\":[{\"@type\":\"ReadAction\",\"target\":[\"https:\/\/cbbspainhidea.com\/es\/hazte-distribuidor\/\"]}]},{\"@type\":\"BreadcrumbList\",\"@id\":\"https:\/\/cbbspainhidea.com\/es\/hazte-distribuidor\/#breadcrumb\",\"itemListElement\":[{\"@type\":\"ListItem\",\"position\":1,\"name\":\"Home\",\"item\":\"https:\/\/cbbspainhidea.com\/es\/\"},{\"@type\":\"ListItem\",\"position\":2,\"name\":\"Hazte distribuidor\"}]},{\"@type\":\"WebSite\",\"@id\":\"https:\/\/cbbspainhidea.com\/es\/#website\",\"url\":\"https:\/\/cbbspainhidea.com\/es\/\",\"name\":\"Hidea Spain - Official distributor\",\"description\":\"\",\"publisher\":{\"@id\":\"https:\/\/cbbspainhidea.com\/es\/#organization\"},\"potentialAction\":[{\"@type\":\"SearchAction\",\"target\":{\"@type\":\"EntryPoint\",\"urlTemplate\":\"https:\/\/cbbspainhidea.com\/es\/?s={search_term_string}\"},\"query-input\":{\"@type\":\"PropertyValueSpecification\",\"valueRequired\":true,\"valueName\":\"search_term_string\"}}],\"inLanguage\":\"es\"},{\"@type\":\"Organization\",\"@id\":\"https:\/\/cbbspainhidea.com\/es\/#organization\",\"name\":\"Hidea Spain - Official distributor\",\"url\":\"https:\/\/cbbspainhidea.com\/es\/\",\"logo\":{\"@type\":\"ImageObject\",\"inLanguage\":\"es\",\"@id\":\"https:\/\/cbbspainhidea.com\/es\/#\/schema\/logo\/image\/\",\"url\":\"https:\/\/hideaspain.com\/wp-content\/uploads\/2025\/05\/logo.png\",\"contentUrl\":\"https:\/\/hideaspain.com\/wp-content\/uploads\/2025\/05\/logo.png\",\"width\":602,\"height\":134,\"caption\":\"Hidea Spain - Official distributor\"},\"image\":{\"@id\":\"https:\/\/cbbspainhidea.com\/es\/#\/schema\/logo\/image\/\"}}]}<\/script>\n<!-- \/ Yoast SEO plugin. -->","yoast_head_json":{"title":"Hazte Distribuidor | Motores Fueraborda Hidea Espa\u00f1a","description":"\u00danete a la red de distribuidores oficiales de Hidea en Espa\u00f1a. Ofrece motores fuera borda fiables, eficientes y con tecnolog\u00eda avanzada.","robots":{"index":"index","follow":"follow","max-snippet":"max-snippet:-1","max-image-preview":"max-image-preview:large","max-video-preview":"max-video-preview:-1"},"canonical":"https:\/\/cbbspainhidea.com\/es\/hazte-distribuidor\/","og_locale":"es_ES","og_type":"article","og_title":"Hazte Distribuidor | Motores Fueraborda Hidea Espa\u00f1a","og_description":"\u00danete a la red de distribuidores oficiales de Hidea en Espa\u00f1a. Ofrece motores fuera borda fiables, eficientes y con tecnolog\u00eda avanzada.","og_url":"https:\/\/cbbspainhidea.com\/es\/hazte-distribuidor\/","og_site_name":"Hidea Spain - Official distributor","article_modified_time":"2025-05-20T08:58:20+00:00","twitter_card":"summary_large_image","twitter_misc":{"Tiempo de lectura":"3 minutos"},"schema":{"@context":"https:\/\/schema.org","@graph":[{"@type":"WebPage","@id":"https:\/\/cbbspainhidea.com\/es\/hazte-distribuidor\/","url":"https:\/\/cbbspainhidea.com\/es\/hazte-distribuidor\/","name":"Hazte Distribuidor | Motores Fueraborda Hidea Espa\u00f1a","isPartOf":{"@id":"https:\/\/cbbspainhidea.com\/es\/#website"},"datePublished":"2025-05-09T09:50:28+00:00","dateModified":"2025-05-20T08:58:20+00:00","description":"\u00danete a la red de distribuidores oficiales de Hidea en Espa\u00f1a. Ofrece motores fuera borda fiables, eficientes y con tecnolog\u00eda avanzada.","breadcrumb":{"@id":"https:\/\/cbbspainhidea.com\/es\/hazte-distribuidor\/#breadcrumb"},"inLanguage":"es","potentialAction":[{"@type":"ReadAction","target":["https:\/\/cbbspainhidea.com\/es\/hazte-distribuidor\/"]}]},{"@type":"BreadcrumbList","@id":"https:\/\/cbbspainhidea.com\/es\/hazte-distribuidor\/#breadcrumb","itemListElement":[{"@type":"ListItem","position":1,"name":"Home","item":"https:\/\/cbbspainhidea.com\/es\/"},{"@type":"ListItem","position":2,"name":"Hazte distribuidor"}]},{"@type":"WebSite","@id":"https:\/\/cbbspainhidea.com\/es\/#website","url":"https:\/\/cbbspainhidea.com\/es\/","name":"Hidea Spain - Official distributor","description":"","publisher":{"@id":"https:\/\/cbbspainhidea.com\/es\/#organization"},"potentialAction":[{"@type":"SearchAction","target":{"@type":"EntryPoint","urlTemplate":"https:\/\/cbbspainhidea.com\/es\/?s={search_term_string}"},"query-input":{"@type":"PropertyValueSpecification","valueRequired":true,"valueName":"search_term_string"}}],"inLanguage":"es"},{"@type":"Organization","@id":"https:\/\/cbbspainhidea.com\/es\/#organization","name":"Hidea Spain - Official distributor","url":"https:\/\/cbbspainhidea.com\/es\/","logo":{"@type":"ImageObject","inLanguage":"es","@id":"https:\/\/cbbspainhidea.com\/es\/#\/schema\/logo\/image\/","url":"https:\/\/hideaspain.com\/wp-content\/uploads\/2025\/05\/logo.png","contentUrl":"https:\/\/hideaspain.com\/wp-content\/uploads\/2025\/05\/logo.png","width":602,"height":134,"caption":"Hidea Spain - Official distributor"},"image":{"@id":"https:\/\/cbbspainhidea.com\/es\/#\/schema\/logo\/image\/"}}]}},"_links":{"self":[{"href":"https:\/\/cbbspainhidea.com\/es\/wp-json\/wp\/v2\/pages\/237","targetHints":{"allow":["GET"]}}],"collection":[{"href":"https:\/\/cbbspainhidea.com\/es\/wp-json\/wp\/v2\/pages"}],"about":[{"href":"https:\/\/cbbspainhidea.com\/es\/wp-json\/wp\/v2\/types\/page"}],"author":[{"embeddable":true,"href":"https:\/\/cbbspainhidea.com\/es\/wp-json\/wp\/v2\/users\/1"}],"replies":[{"embeddable":true,"href":"https:\/\/cbbspainhidea.com\/es\/wp-json\/wp\/v2\/comments?post=237"}],"version-history":[{"count":8,"href":"https:\/\/cbbspainhidea.com\/es\/wp-json\/wp\/v2\/pages\/237\/revisions"}],"predecessor-version":[{"id":246,"href":"https:\/\/cbbspainhidea.com\/es\/wp-json\/wp\/v2\/pages\/237\/revisions\/246"}],"wp:attachment":[{"href":"https:\/\/cbbspainhidea.com\/es\/wp-json\/wp\/v2\/media?parent=237"}],"curies":[{"name":"wp","href":"https:\/\/api.w.org\/{rel}","templated":true}]}}